{"id":2466,"date":"2020-09-17T20:30:18","date_gmt":"2020-09-17T20:30:18","guid":{"rendered":"https:\/\/mayamorganizer.com\/?page_id=2466"},"modified":"2020-09-18T02:39:09","modified_gmt":"2020-09-18T02:39:09","slug":"terminos-de-uso","status":"publish","type":"page","link":"https:\/\/mayamorganizer.com\/es\/terminos-de-uso\/","title":{"rendered":"T\u00e9rminos de Uso"},"content":{"rendered":"<p>[vc_row full_width=\u00bbstretch_row_content_no_spaces\u00bb css=\u00bb.vc_custom_1600378204016{margin-top: -20px !important;}\u00bb][vc_column][vc_column_text el_class=\u00bbtext-justify wf-wrap\u00bb]<strong>ACUERDO DE T\u00c9RMINOS<\/strong><\/p>\n<p>&nbsp;<\/p>\n<p>Estos T\u00e9rminos de uso constituyen un acuerdo legalmente vinculante hecho entre usted, ya sea personalmente o en nombre de una entidad (\u00abusted\u00bb) y Mayam Organizer LLC), con respecto a su acceso y uso de https:\/\/www.mayamorganizer.com\/ sitio web, as\u00ed como cualquier otro medio de comunicaci\u00f3n, canal de medios, sitio web m\u00f3vil o aplicaci\u00f3n m\u00f3vil relacionado, vinculado o conectado de alguna otra manera (colectivamente, el \u00abSitio\u00bb). Usted acepta que al acceder al Sitio, ha le\u00eddo, comprendido y aceptado estar sujeto a todos estos T\u00e9rminos de uso. SI NO EST\u00c1 DE ACUERDO CON TODOS ESTOS T\u00c9RMINOS DE USO, ENTONCES EST\u00c1 EXPRESAMENTE PROHIBIDO DE USAR EL SITIO Y DEBE DEJAR DE USARLO INMEDIATAMENTE.<\/p>\n<p>&nbsp;<\/p>\n<p>Los t\u00e9rminos y condiciones suplementarios o los documentos que pueden publicarse en el Sitio de vez en cuando se incorporan aqu\u00ed expresamente como referencia. Nos reservamos el derecho, a nuestro exclusivo criterio, de realizar cambios o modificaciones a estos T\u00e9rminos de uso en cualquier momento y por cualquier motivo. Le avisaremos sobre cualquier cambio actualizando la fecha de \u00ab\u00daltima actualizaci\u00f3n\u00bb de estos T\u00e9rminos de uso, y usted renuncia a cualquier derecho a recibir un aviso espec\u00edfico de cada cambio. Es su responsabilidad revisar peri\u00f3dicamente estos T\u00e9rminos de uso para mantenerse informado de las actualizaciones. Usted estar\u00e1 sujeto y se considerar\u00e1 que ha tenido conocimiento y que ha aceptado los cambios en los T\u00e9rminos de uso revisados \u200b\u200bpor su uso continuo del Sitio despu\u00e9s de la fecha en que se publican dichos T\u00e9rminos de uso revisados.<\/p>\n<p>&nbsp;<\/p>\n<p>La informaci\u00f3n proporcionada en el Sitio no est\u00e1 destinada a ser distribuida ni utilizada por ninguna persona o entidad en ninguna jurisdicci\u00f3n o pa\u00eds donde dicha distribuci\u00f3n o uso sea contrario a la ley o regulaci\u00f3n o que nos someta a cualquier requisito de registro dentro de dicha jurisdicci\u00f3n o pa\u00eds.\u00a0 En consecuencia, aquellas personas que eligen acceder al Sitio desde otros lugares lo hacen por su propia iniciativa y son los \u00fanicos responsables del cumplimiento de las leyes locales, si y en la medida en que las leyes locales sean aplicables.<\/p>\n<p>&nbsp;<\/p>\n<p>El Sitio est\u00e1 destinado a usuarios que tengan al menos 18 a\u00f1os. Las personas menores de 18 a\u00f1os no pueden usar o registrarse en el Sitio.[\/vc_column_text][\/vc_column][\/vc_row]<\/p>\n","protected":false},"excerpt":{"rendered":"<p>[vc_row full_width=\u00bbstretch_row_content_no_spaces\u00bb css=\u00bb.vc_custom_1600378204016{margin-top: -20px !important;}\u00bb][vc_column][vc_column_text el_class=\u00bbtext-justify wf-wrap\u00bb]ACUERDO DE T\u00c9RMINOS &nbsp; Estos T\u00e9rminos de uso constituyen un acuerdo legalmente vinculante hecho entre usted, ya sea personalmente o en nombre de una entidad (\u00abusted\u00bb) y Mayam Organizer LLC), con respecto a su acceso y uso de https:\/\/www.mayamorganizer.com\/ sitio web, as\u00ed como cualquier otro medio de comunicaci\u00f3n, canal&hellip;<\/p>\n","protected":false},"author":1,"featured_media":0,"parent":0,"menu_order":0,"comment_status":"closed","ping_status":"closed","template":"","meta":{"_coblocks_attr":"","_coblocks_dimensions":"","_coblocks_responsive_height":"","_coblocks_accordion_ie_support":"","footnotes":""},"yoast_head":"<!-- This site is optimized with the Yoast SEO plugin v16.3 - https:\/\/yoast.com\/wordpress\/plugins\/seo\/ -->\n<title>T\u00e9rminos de Uso - Mayam Organizer<\/title>\n<meta name=\"robots\" content=\"index, follow, max-snippet:-1, max-image-preview:large, max-video-preview:-1\" \/>\n<link rel=\"canonical\" href=\"https:\/\/mayamorganizer.com\/es\/terminos-de-uso\/\" \/>\n<meta property=\"og:locale\" content=\"es_ES\" \/>\n<meta property=\"og:type\" content=\"article\" \/>\n<meta property=\"og:title\" content=\"T\u00e9rminos de Uso - Mayam Organizer\" \/>\n<meta property=\"og:description\" content=\"[vc_row full_width=\u00bbstretch_row_content_no_spaces\u00bb css=\u00bb.vc_custom_1600378204016{margin-top: -20px !important;}\u00bb][vc_column][vc_column_text el_class=\u00bbtext-justify wf-wrap\u00bb]ACUERDO DE T\u00c9RMINOS &nbsp; Estos T\u00e9rminos de uso constituyen un acuerdo legalmente vinculante hecho entre usted, ya sea personalmente o en nombre de una entidad (\u00abusted\u00bb) y Mayam Organizer LLC), con respecto a su acceso y uso de https:\/\/www.mayamorganizer.com\/ sitio web, as\u00ed como cualquier otro medio de comunicaci\u00f3n, canal&hellip;\" \/>\n<meta property=\"og:url\" content=\"https:\/\/mayamorganizer.com\/es\/terminos-de-uso\/\" \/>\n<meta property=\"og:site_name\" content=\"Mayam Organizer\" \/>\n<meta property=\"article:modified_time\" content=\"2020-09-18T02:39:09+00:00\" \/>\n<meta name=\"twitter:card\" content=\"summary_large_image\" \/>\n<meta name=\"twitter:label1\" content=\"Tiempo de lectura\">\n\t<meta name=\"twitter:data1\" content=\"2 minutos\">\n<script type=\"application\/ld+json\" class=\"yoast-schema-graph\">{\"@context\":\"https:\/\/schema.org\",\"@graph\":[{\"@type\":\"Organization\",\"@id\":\"https:\/\/mayamorganizer.com\/es\/#organization\",\"name\":\"Mayam Organaizer\",\"url\":\"https:\/\/mayamorganizer.com\/es\/\",\"sameAs\":[],\"logo\":{\"@type\":\"ImageObject\",\"@id\":\"https:\/\/mayamorganizer.com\/es\/#logo\",\"inLanguage\":\"es\",\"url\":\"https:\/\/mayamorganizer.com\/es\/wp-content\/uploads\/2020\/07\/Logo.png\",\"contentUrl\":\"https:\/\/mayamorganizer.com\/es\/wp-content\/uploads\/2020\/07\/Logo.png\",\"width\":100,\"height\":101,\"caption\":\"Mayam Organaizer\"},\"image\":{\"@id\":\"https:\/\/mayamorganizer.com\/es\/#logo\"}},{\"@type\":\"WebSite\",\"@id\":\"https:\/\/mayamorganizer.com\/es\/#website\",\"url\":\"https:\/\/mayamorganizer.com\/es\/\",\"name\":\"Mayam Organizer\",\"description\":\"Ordenar de manera l&oacute;gica y funcional, permite que las &aacute;reas se mantengan organizadas por m&aacute;s tiempo\",\"publisher\":{\"@id\":\"https:\/\/mayamorganizer.com\/es\/#organization\"},\"potentialAction\":[{\"@type\":\"SearchAction\",\"target\":\"https:\/\/mayamorganizer.com\/es\/?s={search_term_string}\",\"query-input\":\"required name=search_term_string\"}],\"inLanguage\":\"es\"},{\"@type\":\"WebPage\",\"@id\":\"https:\/\/mayamorganizer.com\/es\/terminos-de-uso\/#webpage\",\"url\":\"https:\/\/mayamorganizer.com\/es\/terminos-de-uso\/\",\"name\":\"T\\u00e9rminos de Uso - Mayam Organizer\",\"isPartOf\":{\"@id\":\"https:\/\/mayamorganizer.com\/es\/#website\"},\"datePublished\":\"2020-09-17T20:30:18+00:00\",\"dateModified\":\"2020-09-18T02:39:09+00:00\",\"breadcrumb\":{\"@id\":\"https:\/\/mayamorganizer.com\/es\/terminos-de-uso\/#breadcrumb\"},\"inLanguage\":\"es\",\"potentialAction\":[{\"@type\":\"ReadAction\",\"target\":[\"https:\/\/mayamorganizer.com\/es\/terminos-de-uso\/\"]}]},{\"@type\":\"BreadcrumbList\",\"@id\":\"https:\/\/mayamorganizer.com\/es\/terminos-de-uso\/#breadcrumb\",\"itemListElement\":[{\"@type\":\"ListItem\",\"position\":1,\"item\":{\"@type\":\"WebPage\",\"@id\":\"https:\/\/mayamorganizer.com\/es\/\",\"url\":\"https:\/\/mayamorganizer.com\/es\/\",\"name\":\"Portada\"}},{\"@type\":\"ListItem\",\"position\":2,\"item\":{\"@id\":\"https:\/\/mayamorganizer.com\/es\/terminos-de-uso\/#webpage\"}}]}]}<\/script>\n<!-- \/ Yoast SEO plugin. -->","_links":{"self":[{"href":"https:\/\/mayamorganizer.com\/es\/wp-json\/wp\/v2\/pages\/2466"}],"collection":[{"href":"https:\/\/mayamorganizer.com\/es\/wp-json\/wp\/v2\/pages"}],"about":[{"href":"https:\/\/mayamorganizer.com\/es\/wp-json\/wp\/v2\/types\/page"}],"author":[{"embeddable":true,"href":"https:\/\/mayamorganizer.com\/es\/wp-json\/wp\/v2\/users\/1"}],"replies":[{"embeddable":true,"href":"https:\/\/mayamorganizer.com\/es\/wp-json\/wp\/v2\/comments?post=2466"}],"version-history":[{"count":6,"href":"https:\/\/mayamorganizer.com\/es\/wp-json\/wp\/v2\/pages\/2466\/revisions"}],"predecessor-version":[{"id":2514,"href":"https:\/\/mayamorganizer.com\/es\/wp-json\/wp\/v2\/pages\/2466\/revisions\/2514"}],"wp:attachment":[{"href":"https:\/\/mayamorganizer.com\/es\/wp-json\/wp\/v2\/media?parent=2466"}],"curies":[{"name":"wp","href":"https:\/\/api.w.org\/{rel}","templated":true}]}}