{"id":2490,"date":"2020-09-17T20:38:46","date_gmt":"2020-09-17T20:38:46","guid":{"rendered":"https:\/\/mayamorganizer.com\/?page_id=2490"},"modified":"2020-09-17T22:12:58","modified_gmt":"2020-09-17T22:12:58","slug":"politica-de-privacidad","status":"publish","type":"page","link":"https:\/\/mayamorganizer.com\/es\/politica-de-privacidad\/","title":{"rendered":"Pol\u00edticas de privacidad"},"content":{"rendered":"<p>[vc_row full_width=\u00bbstretch_row_content_no_spaces\u00bb css=\u00bb.vc_custom_1600378175053{margin-top: -20px !important;}\u00bb][vc_column][vc_column_text el_class=\u00bbtext-justify wf-wrap\u00bb]Su privacidad es importante para nosotros. Es pol\u00edtica de <strong>Mayam Organizer LLC<\/strong> respetar su privacidad con respecto a cualquier informaci\u00f3n que podamos recopilar de usted en nuestro sitio web, <a href=\"https:\/\/www.mayamorganizer.com\">https:\/\/www.mayamorganizer.com<\/a>, y otros sitios que poseemos y operamos.<\/p>\n<p>Solo solicitamos informaci\u00f3n personal cuando realmente la necesitamos para brindarle un servicio. La recopilamos por medios justos y legales, con su conocimiento y consentimiento. Tambi\u00e9n le informamos por qu\u00e9 lo recopilamos y c\u00f3mo se utilizar\u00e1.<\/p>\n<p>Solo retenemos la informaci\u00f3n recopilada durante el tiempo que sea necesario para brindarle el servicio solicitado. Los datos que almacenamos los protegeremos dentro de medios comercialmente aceptables para evitar p\u00e9rdidas y robos, as\u00ed como acceso, divulgaci\u00f3n, copia, uso o modificaci\u00f3n no autorizados.<\/p>\n<p>No compartimos ninguna informaci\u00f3n de identificaci\u00f3n personal p\u00fablicamente o con terceros, excepto cuando as\u00ed lo requiera la ley.<\/p>\n<p>Nuestro sitio web puede tener enlaces a sitios externos que no son operados por nosotros. Tenga en cuenta que no tenemos control sobre el contenido y las pr\u00e1cticas de estos sitios y no podemos aceptar responsabilidad u obligaci\u00f3n por sus respectivas pol\u00edticas de privacidad.<\/p>\n<p>Usted es libre de rechazar nuestra solicitud de informaci\u00f3n personal, en el entendimiento de que es posible que no podamos brindarle algunos de los servicios que desea.<\/p>\n<p>Su uso continuado de nuestro sitio web se considerar\u00e1 una aceptaci\u00f3n de nuestras pr\u00e1cticas en materia de privacidad e informaci\u00f3n personal. Si tiene alguna pregunta sobre c\u00f3mo manejamos los datos del usuario y la informaci\u00f3n personal, no dude en contactarnos.[\/vc_column_text][\/vc_column][\/vc_row]<\/p>\n","protected":false},"excerpt":{"rendered":"<p>[vc_row full_width=\u00bbstretch_row_content_no_spaces\u00bb css=\u00bb.vc_custom_1600378175053{margin-top: -20px !important;}\u00bb][vc_column][vc_column_text el_class=\u00bbtext-justify wf-wrap\u00bb]Su privacidad es importante para nosotros. Es pol\u00edtica de Mayam Organizer LLC respetar su privacidad con respecto a cualquier informaci\u00f3n que podamos recopilar de usted en nuestro sitio web, https:\/\/www.mayamorganizer.com, y otros sitios que poseemos y operamos. Solo solicitamos informaci\u00f3n personal cuando realmente la necesitamos para brindarle un servicio.&hellip;<\/p>\n","protected":false},"author":1,"featured_media":0,"parent":0,"menu_order":0,"comment_status":"closed","ping_status":"closed","template":"","meta":{"_coblocks_attr":"","_coblocks_dimensions":"","_coblocks_responsive_height":"","_coblocks_accordion_ie_support":"","footnotes":""},"yoast_head":"<!-- This site is optimized with the Yoast SEO plugin v16.3 - https:\/\/yoast.com\/wordpress\/plugins\/seo\/ -->\n<title>Pol\u00edticas de privacidad - Mayam Organizer<\/title>\n<meta name=\"robots\" content=\"index, follow, max-snippet:-1, max-image-preview:large, max-video-preview:-1\" \/>\n<link rel=\"canonical\" href=\"https:\/\/mayamorganizer.com\/es\/politica-de-privacidad\/\" \/>\n<meta property=\"og:locale\" content=\"es_ES\" \/>\n<meta property=\"og:type\" content=\"article\" \/>\n<meta property=\"og:title\" content=\"Pol\u00edticas de privacidad - Mayam Organizer\" \/>\n<meta property=\"og:description\" content=\"[vc_row full_width=\u00bbstretch_row_content_no_spaces\u00bb css=\u00bb.vc_custom_1600378175053{margin-top: -20px !important;}\u00bb][vc_column][vc_column_text el_class=\u00bbtext-justify wf-wrap\u00bb]Su privacidad es importante para nosotros. Es pol\u00edtica de Mayam Organizer LLC respetar su privacidad con respecto a cualquier informaci\u00f3n que podamos recopilar de usted en nuestro sitio web, https:\/\/www.mayamorganizer.com, y otros sitios que poseemos y operamos. Solo solicitamos informaci\u00f3n personal cuando realmente la necesitamos para brindarle un servicio.&hellip;\" \/>\n<meta property=\"og:url\" content=\"https:\/\/mayamorganizer.com\/es\/politica-de-privacidad\/\" \/>\n<meta property=\"og:site_name\" content=\"Mayam Organizer\" \/>\n<meta property=\"article:modified_time\" content=\"2020-09-17T22:12:58+00:00\" \/>\n<meta name=\"twitter:card\" content=\"summary_large_image\" \/>\n<meta name=\"twitter:label1\" content=\"Tiempo de lectura\">\n\t<meta name=\"twitter:data1\" content=\"1 minuto\">\n<script type=\"application\/ld+json\" class=\"yoast-schema-graph\">{\"@context\":\"https:\/\/schema.org\",\"@graph\":[{\"@type\":\"Organization\",\"@id\":\"https:\/\/mayamorganizer.com\/es\/#organization\",\"name\":\"Mayam Organaizer\",\"url\":\"https:\/\/mayamorganizer.com\/es\/\",\"sameAs\":[],\"logo\":{\"@type\":\"ImageObject\",\"@id\":\"https:\/\/mayamorganizer.com\/es\/#logo\",\"inLanguage\":\"es\",\"url\":\"https:\/\/mayamorganizer.com\/es\/wp-content\/uploads\/2020\/07\/Logo.png\",\"contentUrl\":\"https:\/\/mayamorganizer.com\/es\/wp-content\/uploads\/2020\/07\/Logo.png\",\"width\":100,\"height\":101,\"caption\":\"Mayam Organaizer\"},\"image\":{\"@id\":\"https:\/\/mayamorganizer.com\/es\/#logo\"}},{\"@type\":\"WebSite\",\"@id\":\"https:\/\/mayamorganizer.com\/es\/#website\",\"url\":\"https:\/\/mayamorganizer.com\/es\/\",\"name\":\"Mayam Organizer\",\"description\":\"Ordenar de manera l&oacute;gica y funcional, permite que las &aacute;reas se mantengan organizadas por m&aacute;s tiempo\",\"publisher\":{\"@id\":\"https:\/\/mayamorganizer.com\/es\/#organization\"},\"potentialAction\":[{\"@type\":\"SearchAction\",\"target\":\"https:\/\/mayamorganizer.com\/es\/?s={search_term_string}\",\"query-input\":\"required name=search_term_string\"}],\"inLanguage\":\"es\"},{\"@type\":\"WebPage\",\"@id\":\"https:\/\/mayamorganizer.com\/es\/politica-de-privacidad\/#webpage\",\"url\":\"https:\/\/mayamorganizer.com\/es\/politica-de-privacidad\/\",\"name\":\"Pol\\u00edticas de privacidad - Mayam Organizer\",\"isPartOf\":{\"@id\":\"https:\/\/mayamorganizer.com\/es\/#website\"},\"datePublished\":\"2020-09-17T20:38:46+00:00\",\"dateModified\":\"2020-09-17T22:12:58+00:00\",\"breadcrumb\":{\"@id\":\"https:\/\/mayamorganizer.com\/es\/politica-de-privacidad\/#breadcrumb\"},\"inLanguage\":\"es\",\"potentialAction\":[{\"@type\":\"ReadAction\",\"target\":[\"https:\/\/mayamorganizer.com\/es\/politica-de-privacidad\/\"]}]},{\"@type\":\"BreadcrumbList\",\"@id\":\"https:\/\/mayamorganizer.com\/es\/politica-de-privacidad\/#breadcrumb\",\"itemListElement\":[{\"@type\":\"ListItem\",\"position\":1,\"item\":{\"@type\":\"WebPage\",\"@id\":\"https:\/\/mayamorganizer.com\/es\/\",\"url\":\"https:\/\/mayamorganizer.com\/es\/\",\"name\":\"Portada\"}},{\"@type\":\"ListItem\",\"position\":2,\"item\":{\"@id\":\"https:\/\/mayamorganizer.com\/es\/politica-de-privacidad\/#webpage\"}}]}]}<\/script>\n<!-- \/ Yoast SEO plugin. -->","_links":{"self":[{"href":"https:\/\/mayamorganizer.com\/es\/wp-json\/wp\/v2\/pages\/2490"}],"collection":[{"href":"https:\/\/mayamorganizer.com\/es\/wp-json\/wp\/v2\/pages"}],"about":[{"href":"https:\/\/mayamorganizer.com\/es\/wp-json\/wp\/v2\/types\/page"}],"author":[{"embeddable":true,"href":"https:\/\/mayamorganizer.com\/es\/wp-json\/wp\/v2\/users\/1"}],"replies":[{"embeddable":true,"href":"https:\/\/mayamorganizer.com\/es\/wp-json\/wp\/v2\/comments?post=2490"}],"version-history":[{"count":7,"href":"https:\/\/mayamorganizer.com\/es\/wp-json\/wp\/v2\/pages\/2490\/revisions"}],"predecessor-version":[{"id":2523,"href":"https:\/\/mayamorganizer.com\/es\/wp-json\/wp\/v2\/pages\/2490\/revisions\/2523"}],"wp:attachment":[{"href":"https:\/\/mayamorganizer.com\/es\/wp-json\/wp\/v2\/media?parent=2490"}],"curies":[{"name":"wp","href":"https:\/\/api.w.org\/{rel}","templated":true}]}}