{"id":2493,"date":"2020-09-17T20:46:04","date_gmt":"2020-09-17T20:46:04","guid":{"rendered":"https:\/\/mayamorganizer.com\/?page_id=2493"},"modified":"2020-10-09T20:47:46","modified_gmt":"2020-10-09T20:47:46","slug":"politica-de-devoluciones","status":"publish","type":"page","link":"https:\/\/mayamorganizer.com\/es\/politica-de-devoluciones\/","title":{"rendered":"Pol\u00edticas de Devoluciones"},"content":{"rendered":"<p>[vc_row full_width=\u00bbstretch_row_content_no_spaces\u00bb css=\u00bb.vc_custom_1600378194532{margin-top: -20px !important;}\u00bb][vc_column][vc_column_text el_class=\u00bbtext-justify wf-wrap\u00bb]<strong>MAYAM ORGANIZER CURSOS EN L\u00cdNEA Y APRENDIZAJE PARA ORGANIZADORES <\/strong><\/p>\n<p>GENERAL:<\/p>\n<ul>\n<li style=\"list-style-type: decimal;\">\u00bfD\u00f3nde es el evento?<br \/>\nTodo el evento se retransmite por Internet.<\/li>\n<li style=\"list-style-type: decimal;\">\u00bfQu\u00e9 sucede despu\u00e9s de realizar la compra?<br \/>\nDespu\u00e9s de registrarse, le enviaremos su pase para ver el evento en l\u00ednea por correo electr\u00f3nico.<\/li>\n<li style=\"list-style-type: decimal;\">\u00bfMe devuelven el dinero?<br \/>\nNo<\/li>\n<li style=\"list-style-type: decimal;\">\u00bfQu\u00e9 se incluir\u00e1 o mostrar\u00e1 en la transmisi\u00f3n en vivo?<br \/>\nDependiendo del evento, pero la mayor\u00eda de las veces solo se transmitir\u00e1n las sesiones completas.<\/li>\n<li style=\"list-style-type: decimal;\">\u00bfD\u00f3nde est\u00e1 disponible la transmisi\u00f3n?<br \/>\nSitio web, Instagram Live, Zoom, Google Live.<\/li>\n<\/ul>\n<p><strong>\u00bfCu\u00e1l es su pol\u00edtica de devoluciones?<\/strong><\/p>\n<p>Todos los art\u00edculos nuevos y sin usar son elegibles para un reembolso dentro de los 30 d\u00edas posteriores a la realizaci\u00f3n de su pedido.<\/p>\n<p>Los art\u00edculos deben devolverse sin abrir, con etiquetas y en su embalaje original.<\/p>\n<p>Art\u00edculos no elegibles para devoluciones:<\/p>\n<ul>\n<li>Cualquier pedido que se haya realizado hace m\u00e1s de 30 d\u00edas.<\/li>\n<li>Cualquier art\u00edculo marcado como \u00abVenta final\u00bb.<\/li>\n<li>Cualquier art\u00edculo enviado internacionalmente.<\/li>\n<\/ul>\n<p>&nbsp;<\/p>\n<p><strong>\u00bfC\u00f3mo hago una devoluci\u00f3n?<\/strong><\/p>\n<p>Para iniciar una devoluci\u00f3n, visite nuestro Centro de devoluciones e ingrese la direcci\u00f3n de correo electr\u00f3nico que utiliz\u00f3 al realizar su pedido y haga clic en \u00abIniciar una devoluci\u00f3n\u00bb. Recibir\u00e1 un correo electr\u00f3nico con un enlace que lo dirigir\u00e1 a nuestro Centro de devoluciones, donde podr\u00e1 elegir los art\u00edculos que desea devolver y seleccionar los motivos de la devoluci\u00f3n.<\/p>\n<p>Pegue la etiqueta a su paquete y ll\u00e9velo a un lugar de entrega de USPS. La tarifa de la etiqueta de devoluci\u00f3n es de $ 10, que se deducir\u00e1 de su reembolso. Si desea utilizar su propio m\u00e9todo de env\u00edo de devoluci\u00f3n, env\u00ede un correo electr\u00f3nico a services@mayamorganizer.com y estaremos encantados de ayudarle.<\/p>\n<p>Mayam Organizer LLC no se hace responsable de los da\u00f1os causados \u200b\u200bpor un embalaje inadecuado por su parte o si el art\u00edculo se da\u00f1a o se pierde durante el transporte. Los art\u00edculos que est\u00e9n da\u00f1ados cuando los recibamos no ser\u00e1n elegibles para reembolso.<\/p>\n<p>Tan pronto como recibamos su devoluci\u00f3n y determinemos que est\u00e1 en condiciones de revenderse, emitiremos su reembolso de inmediato. Su reembolso tendr\u00e1 la tarifa de etiqueta de devoluci\u00f3n de $ 10 y cualquier tarifa original de entrega, env\u00edo y manejo pagada deducida del total. Tenga en cuenta que los reembolsos de tarjetas de cr\u00e9dito pueden tardar hasta 10 d\u00edas en completarse, seg\u00fan el tiempo de procesamiento, que var\u00eda entre los emisores de tarjetas de cr\u00e9dito.<\/p>\n<p>&nbsp;<\/p>\n<p><strong>\u00bfC\u00f3mo comienzo un intercambio?<\/strong><\/p>\n<p>Solo aceptamos cambios por diferentes tama\u00f1os del mismo art\u00edculo. Para comenzar un cambio por un nuevo tama\u00f1o, visite nuestro Centro de devoluciones e ingrese la direcci\u00f3n de correo electr\u00f3nico que utiliz\u00f3 al realizar su pedido y haga clic en \u00abIniciar una devoluci\u00f3n\u00bb. Recibir\u00e1 un correo electr\u00f3nico con un enlace que lo dirigir\u00e1 a nuestro Centro de devoluciones, donde podr\u00e1 elegir los art\u00edculos que desea cambiar. Aseg\u00farese de marcar la casilla que dice \u00ab\u00bfEs esto un intercambio?\u00bb. Por \u00faltimo, especifique por qu\u00e9 tama\u00f1o le gustar\u00eda cambiarlo en el campo \u00abComentarios adicionales\u00bb. La tarifa de $ 10 por etiqueta de devoluci\u00f3n no se aplicar\u00e1 en cambios de diferentes tama\u00f1os.<\/p>\n<p>Tenga en cuenta que si el tama\u00f1o por el que desea cambiarlo se agot\u00f3, un miembro de nuestro equipo se comunicar\u00e1 con usted para ayudarlo con los siguientes pasos.<\/p>\n<p>No podemos aceptar cambios por dos art\u00edculos diferentes (solo tama\u00f1os diferentes). Si desea devolver un art\u00edculo y recibir uno diferente, deber\u00e1 procesar una devoluci\u00f3n y luego realizar un nuevo pedido para los diferentes art\u00edculos.<\/p>\n<p>&nbsp;<\/p>\n<p><strong>\u00bfQu\u00e9 hago si recibo un art\u00edculo da\u00f1ado y \/ o un art\u00edculo incorrecto?<\/strong><\/p>\n<p>En el raro caso de que la mercanc\u00eda llegue da\u00f1ada o se reciba un art\u00edculo incorrecto, env\u00edenos un correo electr\u00f3nico a services@mayamorganizer.com dentro de los 5 d\u00edas posteriores a la recepci\u00f3n de su paquete para que podamos resolver cualquier problema lo m\u00e1s r\u00e1pido posible.[\/vc_column_text][\/vc_column][\/vc_row]<\/p>\n","protected":false},"excerpt":{"rendered":"<p>[vc_row full_width=\u00bbstretch_row_content_no_spaces\u00bb css=\u00bb.vc_custom_1600378194532{margin-top: -20px !important;}\u00bb][vc_column][vc_column_text el_class=\u00bbtext-justify wf-wrap\u00bb]MAYAM ORGANIZER CURSOS EN L\u00cdNEA Y APRENDIZAJE PARA ORGANIZADORES GENERAL: \u00bfD\u00f3nde es el evento? Todo el evento se retransmite por Internet. \u00bfQu\u00e9 sucede despu\u00e9s de realizar la compra? Despu\u00e9s de registrarse, le enviaremos su pase para ver el evento en l\u00ednea por correo electr\u00f3nico. \u00bfMe devuelven el dinero? No&hellip;<\/p>\n","protected":false},"author":1,"featured_media":0,"parent":0,"menu_order":0,"comment_status":"closed","ping_status":"closed","template":"","meta":{"_coblocks_attr":"","_coblocks_dimensions":"","_coblocks_responsive_height":"","_coblocks_accordion_ie_support":"","footnotes":""},"yoast_head":"<!-- This site is optimized with the Yoast SEO plugin v16.3 - https:\/\/yoast.com\/wordpress\/plugins\/seo\/ -->\n<title>Pol\u00edticas de Devoluciones - Mayam Organizer<\/title>\n<meta name=\"robots\" content=\"index, follow, max-snippet:-1, max-image-preview:large, max-video-preview:-1\" \/>\n<link rel=\"canonical\" href=\"https:\/\/mayamorganizer.com\/es\/politica-de-devoluciones\/\" \/>\n<meta property=\"og:locale\" content=\"es_ES\" \/>\n<meta property=\"og:type\" content=\"article\" \/>\n<meta property=\"og:title\" content=\"Pol\u00edticas de Devoluciones - Mayam Organizer\" \/>\n<meta property=\"og:description\" content=\"[vc_row full_width=\u00bbstretch_row_content_no_spaces\u00bb css=\u00bb.vc_custom_1600378194532{margin-top: -20px !important;}\u00bb][vc_column][vc_column_text el_class=\u00bbtext-justify wf-wrap\u00bb]MAYAM ORGANIZER CURSOS EN L\u00cdNEA Y APRENDIZAJE PARA ORGANIZADORES GENERAL: \u00bfD\u00f3nde es el evento? Todo el evento se retransmite por Internet. \u00bfQu\u00e9 sucede despu\u00e9s de realizar la compra? Despu\u00e9s de registrarse, le enviaremos su pase para ver el evento en l\u00ednea por correo electr\u00f3nico. \u00bfMe devuelven el dinero? No&hellip;\" \/>\n<meta property=\"og:url\" content=\"https:\/\/mayamorganizer.com\/es\/politica-de-devoluciones\/\" \/>\n<meta property=\"og:site_name\" content=\"Mayam Organizer\" \/>\n<meta property=\"article:modified_time\" content=\"2020-10-09T20:47:46+00:00\" \/>\n<meta name=\"twitter:card\" content=\"summary_large_image\" \/>\n<meta name=\"twitter:label1\" content=\"Tiempo de lectura\">\n\t<meta name=\"twitter:data1\" content=\"4 minutos\">\n<script type=\"application\/ld+json\" class=\"yoast-schema-graph\">{\"@context\":\"https:\/\/schema.org\",\"@graph\":[{\"@type\":\"Organization\",\"@id\":\"https:\/\/mayamorganizer.com\/es\/#organization\",\"name\":\"Mayam Organaizer\",\"url\":\"https:\/\/mayamorganizer.com\/es\/\",\"sameAs\":[],\"logo\":{\"@type\":\"ImageObject\",\"@id\":\"https:\/\/mayamorganizer.com\/es\/#logo\",\"inLanguage\":\"es\",\"url\":\"https:\/\/mayamorganizer.com\/es\/wp-content\/uploads\/2020\/07\/Logo.png\",\"contentUrl\":\"https:\/\/mayamorganizer.com\/es\/wp-content\/uploads\/2020\/07\/Logo.png\",\"width\":100,\"height\":101,\"caption\":\"Mayam Organaizer\"},\"image\":{\"@id\":\"https:\/\/mayamorganizer.com\/es\/#logo\"}},{\"@type\":\"WebSite\",\"@id\":\"https:\/\/mayamorganizer.com\/es\/#website\",\"url\":\"https:\/\/mayamorganizer.com\/es\/\",\"name\":\"Mayam Organizer\",\"description\":\"Ordenar de manera l&oacute;gica y funcional, permite que las &aacute;reas se mantengan organizadas por m&aacute;s tiempo\",\"publisher\":{\"@id\":\"https:\/\/mayamorganizer.com\/es\/#organization\"},\"potentialAction\":[{\"@type\":\"SearchAction\",\"target\":\"https:\/\/mayamorganizer.com\/es\/?s={search_term_string}\",\"query-input\":\"required name=search_term_string\"}],\"inLanguage\":\"es\"},{\"@type\":\"WebPage\",\"@id\":\"https:\/\/mayamorganizer.com\/es\/politica-de-devoluciones\/#webpage\",\"url\":\"https:\/\/mayamorganizer.com\/es\/politica-de-devoluciones\/\",\"name\":\"Pol\\u00edticas de Devoluciones - Mayam Organizer\",\"isPartOf\":{\"@id\":\"https:\/\/mayamorganizer.com\/es\/#website\"},\"datePublished\":\"2020-09-17T20:46:04+00:00\",\"dateModified\":\"2020-10-09T20:47:46+00:00\",\"breadcrumb\":{\"@id\":\"https:\/\/mayamorganizer.com\/es\/politica-de-devoluciones\/#breadcrumb\"},\"inLanguage\":\"es\",\"potentialAction\":[{\"@type\":\"ReadAction\",\"target\":[\"https:\/\/mayamorganizer.com\/es\/politica-de-devoluciones\/\"]}]},{\"@type\":\"BreadcrumbList\",\"@id\":\"https:\/\/mayamorganizer.com\/es\/politica-de-devoluciones\/#breadcrumb\",\"itemListElement\":[{\"@type\":\"ListItem\",\"position\":1,\"item\":{\"@type\":\"WebPage\",\"@id\":\"https:\/\/mayamorganizer.com\/es\/\",\"url\":\"https:\/\/mayamorganizer.com\/es\/\",\"name\":\"Portada\"}},{\"@type\":\"ListItem\",\"position\":2,\"item\":{\"@id\":\"https:\/\/mayamorganizer.com\/es\/politica-de-devoluciones\/#webpage\"}}]}]}<\/script>\n<!-- \/ Yoast SEO plugin. -->","_links":{"self":[{"href":"https:\/\/mayamorganizer.com\/es\/wp-json\/wp\/v2\/pages\/2493"}],"collection":[{"href":"https:\/\/mayamorganizer.com\/es\/wp-json\/wp\/v2\/pages"}],"about":[{"href":"https:\/\/mayamorganizer.com\/es\/wp-json\/wp\/v2\/types\/page"}],"author":[{"embeddable":true,"href":"https:\/\/mayamorganizer.com\/es\/wp-json\/wp\/v2\/users\/1"}],"replies":[{"embeddable":true,"href":"https:\/\/mayamorganizer.com\/es\/wp-json\/wp\/v2\/comments?post=2493"}],"version-history":[{"count":7,"href":"https:\/\/mayamorganizer.com\/es\/wp-json\/wp\/v2\/pages\/2493\/revisions"}],"predecessor-version":[{"id":2617,"href":"https:\/\/mayamorganizer.com\/es\/wp-json\/wp\/v2\/pages\/2493\/revisions\/2617"}],"wp:attachment":[{"href":"https:\/\/mayamorganizer.com\/es\/wp-json\/wp\/v2\/media?parent=2493"}],"curies":[{"name":"wp","href":"https:\/\/api.w.org\/{rel}","templated":true}]}}