{"id":2524,"date":"2020-09-18T02:10:29","date_gmt":"2020-09-18T02:10:29","guid":{"rendered":"https:\/\/mayamorganizer.com\/?page_id=2524"},"modified":"2020-09-18T02:17:01","modified_gmt":"2020-09-18T02:17:01","slug":"pedidos-y-envio","status":"publish","type":"page","link":"https:\/\/mayamorganizer.com\/es\/pedidos-y-envio\/","title":{"rendered":"Pedidos y Env\u00edo"},"content":{"rendered":"<p>[vc_row full_width=\u00bbstretch_row_content_no_spaces\u00bb css=\u00bb.vc_custom_1600395417729{margin-top: -20px !important;}\u00bb][vc_column][vc_column_text el_class=\u00bbwf-wrap text-justify\u00bb]<strong>\u00bfA d\u00f3nde env\u00edan?<\/strong><\/p>\n<ul>\n<li>Todas las direcciones de EE. UU., incluidas Alaska y Haw\u00e1i.<\/li>\n<li>Canad\u00e1<\/li>\n<\/ul>\n<p>Estamos trabajando para expandirnos a otros pa\u00edses pronto, \u00a1gracias por su paciencia mientras aumentamos nuestra presencia internacional!<\/p>\n<p>*Tenga en cuenta que no todos los art\u00edculos pueden enviarse a todos los pa\u00edses. Fuera de EE. UU. la elegibilidad de env\u00edo se indica en la p\u00e1gina de detalles del art\u00edculo.<\/p>\n<p>&nbsp;<\/p>\n<h3 style=\"text-align: center;\">ENV\u00cdO DENTRO DE ESTADOS UNIDOS<\/h3>\n<p><strong>\u00bfCu\u00e1nto tiempo tardar\u00e1 en llegar mi pedido?<\/strong><\/p>\n<p>Todos los art\u00edculos en existencia se procesan en 1-2 d\u00edas h\u00e1biles.<\/p>\n<p>Recibir\u00e1 su pedido seg\u00fan el m\u00e9todo de env\u00edo que seleccion\u00f3 a continuaci\u00f3n:<\/p>\n<ul>\n<li>Env\u00edo est\u00e1ndar: 3-5 d\u00edas laborales<\/li>\n<li>Env\u00edo en 2 d\u00edas: 2 d\u00edas h\u00e1biles (se env\u00eda el mismo d\u00eda si se solicita antes de las 2 p.m. EST, y el siguiente d\u00eda h\u00e1bil si se solicita despu\u00e9s de las 2 p.m. EST)<\/li>\n<li>Env\u00edo al d\u00eda siguiente: siguiente d\u00eda h\u00e1bil (se env\u00eda el mismo d\u00eda si se solicita antes de las 2 p.m. EST, y el siguiente d\u00eda h\u00e1bil si se solicita despu\u00e9s de las 2 p.m. EST)<\/li>\n<\/ul>\n<p><strong>\u00bfCu\u00e1les son sus gastos de env\u00edo?<\/strong><\/p>\n<p>Dentro de los Estados Unidos continentales: el env\u00edo terrestre est\u00e1ndar es gratuito para pedidos superiores a $ 150. Para pedidos de menos de $ 150, ofrecemos env\u00edo terrestre est\u00e1ndar a partir de $ 12.<\/p>\n<p>Alaska y Haw\u00e1i: los costos de env\u00edo se calcular\u00e1n al finalizar la compra.<\/p>\n<p>Tambi\u00e9n ofrecemos env\u00edos pagados de 2 d\u00edas y de un d\u00eda para otro a la parte continental de EE. UU. Las tarifas var\u00edan seg\u00fan el destino y se calculan al finalizar la compra.<\/p>\n<p>&nbsp;<\/p>\n<h3 style=\"text-align: center;\">ENV\u00cdO INTERNACIONAL<\/h3>\n<p><strong>\u00bfCu\u00e1nto tiempo tardar\u00e1 en llegar mi pedido internacional?<\/strong><\/p>\n<p>Todos los art\u00edculos en existencia se procesan en 1-2 d\u00edas h\u00e1biles. No tenemos control sobre los transportistas y sus tiempos de tr\u00e1nsito, pero le proporcionaremos un n\u00famero de seguimiento para que pueda estimar el tiempo de entrega.<\/p>\n<ul>\n<li>Los pedidos canadienses se env\u00edan a trav\u00e9s de FedEx Ground o DHL Express.<\/li>\n<li>Se pueden agregar m\u00e1s operadores en el futuro.<\/li>\n<\/ul>\n<p><strong>\u00bfCu\u00e1les son sus costos de env\u00edo internacional?<\/strong><\/p>\n<p>Las tarifas de env\u00edo internacional se calculan al finalizar la compra seg\u00fan el peso y las dimensiones del art\u00edculo, el destino y el m\u00e9todo de env\u00edo seleccionados. Transmitimos nuestras tarifas preferidas de FedEx, DHL Express y otros transportistas.<\/p>\n<p><strong>\u00bfCu\u00e1l es su pol\u00edtica de devoluci\u00f3n internacional?<\/strong><\/p>\n<p>En este momento, no podemos aceptar devoluciones de pedidos enviados internacionalmente.<\/p>\n<p><strong>\u00bfQu\u00e9 hago si recibo un art\u00edculo da\u00f1ado y \/ o un art\u00edculo incorrecto?<\/strong><\/p>\n<p>En el raro caso de que la mercanc\u00eda llegue da\u00f1ada o se reciba un art\u00edculo incorrecto, env\u00edenos un correo electr\u00f3nico a <a href=\"mailto:services@mayamorganizer.com\">services@mayamorganizer.com<\/a> dentro de los 5 d\u00edas posteriores a la recepci\u00f3n de su paquete para que podamos resolver cualquier problema lo m\u00e1s r\u00e1pido posible.[\/vc_column_text][\/vc_column][\/vc_row]<\/p>\n","protected":false},"excerpt":{"rendered":"<p>[vc_row full_width=\u00bbstretch_row_content_no_spaces\u00bb css=\u00bb.vc_custom_1600395417729{margin-top: -20px !important;}\u00bb][vc_column][vc_column_text el_class=\u00bbwf-wrap text-justify\u00bb]\u00bfA d\u00f3nde env\u00edan? Todas las direcciones de EE. UU., incluidas Alaska y Haw\u00e1i. Canad\u00e1 Estamos trabajando para expandirnos a otros pa\u00edses pronto, \u00a1gracias por su paciencia mientras aumentamos nuestra presencia internacional! *Tenga en cuenta que no todos los art\u00edculos pueden enviarse a todos los pa\u00edses. Fuera de EE. UU.&hellip;<\/p>\n","protected":false},"author":1,"featured_media":0,"parent":0,"menu_order":0,"comment_status":"closed","ping_status":"closed","template":"","meta":{"_coblocks_attr":"","_coblocks_dimensions":"","_coblocks_responsive_height":"","_coblocks_accordion_ie_support":"","footnotes":""},"yoast_head":"<!-- This site is optimized with the Yoast SEO plugin v16.3 - https:\/\/yoast.com\/wordpress\/plugins\/seo\/ -->\n<title>Pedidos y Env\u00edo - Mayam Organizer<\/title>\n<meta name=\"robots\" content=\"index, follow, max-snippet:-1, max-image-preview:large, max-video-preview:-1\" \/>\n<link rel=\"canonical\" href=\"https:\/\/mayamorganizer.com\/es\/pedidos-y-envio\/\" \/>\n<meta property=\"og:locale\" content=\"es_ES\" \/>\n<meta property=\"og:type\" content=\"article\" \/>\n<meta property=\"og:title\" content=\"Pedidos y Env\u00edo - Mayam Organizer\" \/>\n<meta property=\"og:description\" content=\"[vc_row full_width=\u00bbstretch_row_content_no_spaces\u00bb css=\u00bb.vc_custom_1600395417729{margin-top: -20px !important;}\u00bb][vc_column][vc_column_text el_class=\u00bbwf-wrap text-justify\u00bb]\u00bfA d\u00f3nde env\u00edan? Todas las direcciones de EE. UU., incluidas Alaska y Haw\u00e1i. Canad\u00e1 Estamos trabajando para expandirnos a otros pa\u00edses pronto, \u00a1gracias por su paciencia mientras aumentamos nuestra presencia internacional! *Tenga en cuenta que no todos los art\u00edculos pueden enviarse a todos los pa\u00edses. Fuera de EE. UU.&hellip;\" \/>\n<meta property=\"og:url\" content=\"https:\/\/mayamorganizer.com\/es\/pedidos-y-envio\/\" \/>\n<meta property=\"og:site_name\" content=\"Mayam Organizer\" \/>\n<meta property=\"article:modified_time\" content=\"2020-09-18T02:17:01+00:00\" \/>\n<meta name=\"twitter:card\" content=\"summary_large_image\" \/>\n<meta name=\"twitter:label1\" content=\"Tiempo de lectura\">\n\t<meta name=\"twitter:data1\" content=\"3 minutos\">\n<script type=\"application\/ld+json\" class=\"yoast-schema-graph\">{\"@context\":\"https:\/\/schema.org\",\"@graph\":[{\"@type\":\"Organization\",\"@id\":\"https:\/\/mayamorganizer.com\/es\/#organization\",\"name\":\"Mayam Organaizer\",\"url\":\"https:\/\/mayamorganizer.com\/es\/\",\"sameAs\":[],\"logo\":{\"@type\":\"ImageObject\",\"@id\":\"https:\/\/mayamorganizer.com\/es\/#logo\",\"inLanguage\":\"es\",\"url\":\"https:\/\/mayamorganizer.com\/es\/wp-content\/uploads\/2020\/07\/Logo.png\",\"contentUrl\":\"https:\/\/mayamorganizer.com\/es\/wp-content\/uploads\/2020\/07\/Logo.png\",\"width\":100,\"height\":101,\"caption\":\"Mayam Organaizer\"},\"image\":{\"@id\":\"https:\/\/mayamorganizer.com\/es\/#logo\"}},{\"@type\":\"WebSite\",\"@id\":\"https:\/\/mayamorganizer.com\/es\/#website\",\"url\":\"https:\/\/mayamorganizer.com\/es\/\",\"name\":\"Mayam Organizer\",\"description\":\"Ordenar de manera l&oacute;gica y funcional, permite que las &aacute;reas se mantengan organizadas por m&aacute;s tiempo\",\"publisher\":{\"@id\":\"https:\/\/mayamorganizer.com\/es\/#organization\"},\"potentialAction\":[{\"@type\":\"SearchAction\",\"target\":\"https:\/\/mayamorganizer.com\/es\/?s={search_term_string}\",\"query-input\":\"required name=search_term_string\"}],\"inLanguage\":\"es\"},{\"@type\":\"WebPage\",\"@id\":\"https:\/\/mayamorganizer.com\/es\/pedidos-y-envio\/#webpage\",\"url\":\"https:\/\/mayamorganizer.com\/es\/pedidos-y-envio\/\",\"name\":\"Pedidos y Env\\u00edo - Mayam Organizer\",\"isPartOf\":{\"@id\":\"https:\/\/mayamorganizer.com\/es\/#website\"},\"datePublished\":\"2020-09-18T02:10:29+00:00\",\"dateModified\":\"2020-09-18T02:17:01+00:00\",\"breadcrumb\":{\"@id\":\"https:\/\/mayamorganizer.com\/es\/pedidos-y-envio\/#breadcrumb\"},\"inLanguage\":\"es\",\"potentialAction\":[{\"@type\":\"ReadAction\",\"target\":[\"https:\/\/mayamorganizer.com\/es\/pedidos-y-envio\/\"]}]},{\"@type\":\"BreadcrumbList\",\"@id\":\"https:\/\/mayamorganizer.com\/es\/pedidos-y-envio\/#breadcrumb\",\"itemListElement\":[{\"@type\":\"ListItem\",\"position\":1,\"item\":{\"@type\":\"WebPage\",\"@id\":\"https:\/\/mayamorganizer.com\/es\/\",\"url\":\"https:\/\/mayamorganizer.com\/es\/\",\"name\":\"Portada\"}},{\"@type\":\"ListItem\",\"position\":2,\"item\":{\"@id\":\"https:\/\/mayamorganizer.com\/es\/pedidos-y-envio\/#webpage\"}}]}]}<\/script>\n<!-- \/ Yoast SEO plugin. -->","_links":{"self":[{"href":"https:\/\/mayamorganizer.com\/es\/wp-json\/wp\/v2\/pages\/2524"}],"collection":[{"href":"https:\/\/mayamorganizer.com\/es\/wp-json\/wp\/v2\/pages"}],"about":[{"href":"https:\/\/mayamorganizer.com\/es\/wp-json\/wp\/v2\/types\/page"}],"author":[{"embeddable":true,"href":"https:\/\/mayamorganizer.com\/es\/wp-json\/wp\/v2\/users\/1"}],"replies":[{"embeddable":true,"href":"https:\/\/mayamorganizer.com\/es\/wp-json\/wp\/v2\/comments?post=2524"}],"version-history":[{"count":7,"href":"https:\/\/mayamorganizer.com\/es\/wp-json\/wp\/v2\/pages\/2524\/revisions"}],"predecessor-version":[{"id":2531,"href":"https:\/\/mayamorganizer.com\/es\/wp-json\/wp\/v2\/pages\/2524\/revisions\/2531"}],"wp:attachment":[{"href":"https:\/\/mayamorganizer.com\/es\/wp-json\/wp\/v2\/media?parent=2524"}],"curies":[{"name":"wp","href":"https:\/\/api.w.org\/{rel}","templated":true}]}}