{"id":2724,"date":"2025-10-30T20:34:16","date_gmt":"2025-10-30T20:34:16","guid":{"rendered":"https:\/\/mayamorganizer.com\/es\/?page_id=2724"},"modified":"2025-11-19T21:59:34","modified_gmt":"2025-11-19T21:59:34","slug":"cursos-cocina-y-laundry","status":"publish","type":"page","link":"https:\/\/mayamorganizer.com\/es\/cursos-cocina-y-laundry\/","title":{"rendered":"Cursos Cocina y laundry"},"content":{"rendered":"<p>[vc_row css=\u00bb.vc_custom_1761853897426{margin-top: -20px !important;}\u00bb][vc_column][vc_tta_tabs shape=\u00bbsquare\u00bb color=\u00bbwhite\u00bb alignment=\u00bbcenter\u00bb active_section=\u00bb1&#8243; no_fill_content_area=\u00bbtrue\u00bb el_class=\u00bbtab-custom\u00bb][vc_tta_section title=\u00bbCURSO\u00bb tab_id=\u00bb1600353777798-1bbfbb58-c9bf\u00bb][vc_row_inner][vc_column_inner]<div class=\"ult-spacer spacer-69d17009bd2e6\" data-id=\"69d17009bd2e6\" data-height=\"30\" data-height-mobile=\"30\" data-height-tab=\"30\" data-height-tab-portrait=\"\" data-height-mobile-landscape=\"\" style=\"clear:both;display:block;\"><\/div><div id=\"ultimate-heading-656269d17009bd362\" class=\"uvc-heading ult-adjust-bottom-margin ultimate-heading-656269d17009bd362 uvc-1040 no_uppercase wf-wrap uvc-heading-default-font-sizes\" data-hspacer=\"no_spacer\"  data-halign=\"center\" style=\"text-align:center\"><div class=\"uvc-heading-spacer no_spacer\" style=\"top\"><\/div><div class=\"uvc-main-heading ult-responsive\"  data-ultimate-target='.uvc-heading.ultimate-heading-656269d17009bd362 h1'  data-responsive-json-new='{\"font-size\":\"\",\"line-height\":\"\"}' ><h1 style=\"--font-weight:theme;\">Cocina y laundry<\/h1><\/div><div class=\"uvc-sub-heading ult-responsive\"  data-ultimate-target='.uvc-heading.ultimate-heading-656269d17009bd362 .uvc-sub-heading '  data-responsive-json-new='{\"font-size\":\"\",\"line-height\":\"\"}'  style=\"font-weight:normal;\"><\/p>\n<h3><\/h3>\n<h3 style=\"text-align: center; text-transform: none;\">\u00bfTu cocina es un caos y no sabes por d\u00f3nde empezar?<\/h3>\n<p><\/div><\/div><div class=\"ult-spacer spacer-69d17009bd39c\" data-id=\"69d17009bd39c\" data-height=\"15\" data-height-mobile=\"15\" data-height-tab=\"15\" data-height-tab-portrait=\"\" data-height-mobile-landscape=\"\" style=\"clear:both;display:block;\"><\/div>[vc_column_text el_class=\u00bbwf-wrap\u00bb]<\/p>\n<div class=\"sc-kyhyyJ hwHJum\">\n<div id=\"text-c383dc01\" class=\"sc-cEzcPc KQIbs\">\n<div class=\"sc-kyhyyJ hwHJum\">\n<div id=\"text-c383dc01\" class=\"sc-cEzcPc egkiiK\">\n<div>\n<p dir=\"ltr\">\u00bfTe pasa que compras cosas repetidas porque no sabes lo que tienes?<\/p>\n<p dir=\"ltr\">\u00bfPierdes tiempo buscando utensilios o productos de limpieza?<\/p>\n<p dir=\"ltr\">\u00bfTu lavandero est\u00e1 pidiendo a gritos un cambio para devolverte paz y fluidez?<\/p>\n<\/div>\n<\/div>\n<\/div>\n<div class=\"sc-kyhyyJ cbcgQd\">\n<div id=\"text-51352cf0\" class=\"sc-cEzcPc eVnuni\">\n<div>\n<p dir=\"ltr\"><a href=\"https:\/\/f425-services.systeme.io\/2cd231b2\"><u>Este curso es para ti.<\/u><\/a><\/p>\n<p dir=\"ltr\">Te ense\u00f1ar\u00e9 paso a paso c\u00f3mo transformar esos espacios clave de tu casa, \u00ab<strong>la cocina y el laundry\u00bb<\/strong>, en \u00e1reas pr\u00e1cticas, ordenadas y visualmente armoniosas.<\/p>\n<\/div>\n<\/div>\n<\/div>\n<\/div>\n<\/div>\n<div class=\"sc-kyhyyJ cbcgQd\">\n<div id=\"text-51352cf0\" class=\"sc-cEzcPc gQAHUa\">\n<div>\n<p dir=\"ltr\">\n<\/div>\n<\/div>\n<\/div>\n<p>[\/vc_column_text][vc_text_separator title=\u00bbCrear\u00e1s un sistema en el cual el orden se mantiene\u00bb border_width=\u00bb5&#8243;]<div class=\"ult-spacer spacer-69d17009bd3af\" data-id=\"69d17009bd3af\" data-height=\"15\" data-height-mobile=\"15\" data-height-tab=\"15\" data-height-tab-portrait=\"\" data-height-mobile-landscape=\"\" style=\"clear:both;display:block;\"><\/div><div class=\"shortcode-banner\" style=\"min-height: 250px;background-image: url(https:\/\/mayamorganizer.com\/es\/wp-content\/uploads\/2025\/10\/banner-laundry-arriba.jpg)\"><div class=\"shortcode-banner-bg wf-table\" style=\"padding: 15px;min-height: 250px\"><div class=\"shortcode-banner-inside wf-table text-big\" style=\"background-color: rgb(0,0,0);background-color: rgba(0,0,0,0.25);border: solid 5px transparent;outline: solid 2px;outline-color: #ffffff;height: 245px\"><div><h2><span style=\"color: #ffffff;\"><strong>Crear\u00e1s un sistema en el cual el orden se mantiene<\/strong><\/span><\/h2>\n<\/div><\/div><\/div><\/div><div class=\"ult-spacer spacer-69d17009bdbf4\" data-id=\"69d17009bdbf4\" data-height=\"15\" data-height-mobile=\"15\" data-height-tab=\"15\" data-height-tab-portrait=\"\" data-height-mobile-landscape=\"\" style=\"clear:both;display:block;\"><\/div>[vc_custom_heading text=\u00bb\u00bfQu\u00e9 incluye el curso?\u00bb font_container=\u00bbtag:h3|text_align:center|color:%23ffffff|line_height:45px\u00bb use_theme_fonts=\u00bbyes\u00bb css=\u00bb.vc_custom_1761766388955{background-color: #62c8ba !important;}\u00bb el_class=\u00bbno_uppercase wf-wrap\u00bb]<div class=\"ult-spacer spacer-69d17009bdc0f\" data-id=\"69d17009bdc0f\" data-height=\"\" data-height-mobile=\"\" data-height-tab=\"\" data-height-tab-portrait=\"\" data-height-mobile-landscape=\"\" style=\"clear:both;display:block;\"><\/div>[vc_column_text el_class=\u00bbwf-wrap\u00bb]<\/p>\n<div class=\"sc-kyhyyJ llYlXZ\">\n<div id=\"text-f0736ffe\" class=\"sc-cEzcPc icViqd\">\n<div class=\"sc-ccVoJg hlpuOV\">\n<div id=\"row-a10fb071\" class=\"sc-fKAjen iRebGk\">\n<div class=\"sc-dFULME eOltA\">\n<div class=\"sc-kyhyyJ llYlXZ\">\n<div id=\"text-f0736ffe\" class=\"sc-cEzcPc fSCiUZ\">\n<div>\n<p dir=\"ltr\">Este curso est\u00e1 dividido en\u00a0<strong>2 m\u00f3dulos<\/strong>\u00a0con\u00a0<strong>4 lecciones<\/strong>, donde explico mis t\u00e9cnicas como organizadora profesional.<\/p>\n<p><strong>M\u00f3dulo 1: Organizaci\u00f3n de Cocina<\/strong><\/p>\n<\/div>\n<\/div>\n<\/div>\n<div class=\"sc-ccVoJg kHgWXz\">\n<div class=\"sc-bMamjt byeAFC\">\n<div id=\"bulletlist-eac8d621\" class=\"sc-cEzcPc iFkeaV\">\n<div>\n<p dir=\"ltr\"><strong>Lecci\u00f3n 1:<\/strong>\u00a0Todo lo que debes saber antes de empezar<br \/>\nAprende c\u00f3mo dividir la cocina en zonas y c\u00f3mo se deben organizar.<\/p>\n<p dir=\"ltr\"><strong>Lecci\u00f3n 2:<\/strong>\u00a0Accesorios recomendados para lograr una cocina funcional<br \/>\nLista de los productos que uso en mis proyectos reales (The Container Store + Amazon).<\/p>\n<\/div>\n<\/div>\n<\/div>\n<\/div>\n<\/div>\n<\/div>\n<\/div>\n<div class=\"sc-ccVoJg hlpuOV\">\n<div id=\"row-1f5aa772\" class=\"sc-fKAjen iRebGk\">\n<div class=\"sc-dFULME eOltA\">\n<div class=\"sc-kyhyyJ llYlXZ\">\n<div id=\"text-c4e0e613\" class=\"sc-cEzcPc bHZErV\">\n<div>\n<p dir=\"ltr\"><strong>M\u00f3dulo 2: Organizaci\u00f3n de Laundry<\/strong><\/p>\n<\/div>\n<\/div>\n<\/div>\n<div class=\"sc-ccVoJg kHgWXz\">\n<div class=\"sc-bMamjt byeAFC\">\n<div id=\"bulletlist-92462beb\" class=\"sc-cEzcPc iFkeaV\">\n<div>\n<p dir=\"ltr\"><strong>Lecci\u00f3n 3:<\/strong>\u00a0C\u00f3mo transformar el espacio m\u00e1s olvidado del hogar<br \/>\nIdeas simples pero efectivas para maximizar ese espacio.<\/p>\n<p dir=\"ltr\"><strong>Lecci\u00f3n 4:<\/strong>\u00a0Accesorios recomendados para organizar el lavandero<br \/>\nDescubre los aliados que te har\u00e1n la vida m\u00e1s f\u00e1cil.<\/p>\n<\/div>\n<\/div>\n<\/div>\n<\/div>\n<\/div>\n<\/div>\n<\/div>\n<\/div>\n<\/div>\n<p>[\/vc_column_text][vc_btn title=\u00bbCOMPRAR AHORA\u00bb style=\u00bbcustom\u00bb custom_background=\u00bb#66c9ba\u00bb custom_text=\u00bb#ffffff\u00bb size=\u00bblg\u00bb align=\u00bbcenter\u00bb smooth_scroll=\u00bbtrue\u00bb][vc_hoverbox image=\u00bb2769&#8243; primary_title=\u00bb\u00bfQu\u00e9 vas a lograr con este curso?\u00bb hover_title=\u00bb\u00bb shape=\u00bbsquare\u00bb hover_btn_title=\u00bbCOMPRAR AHORA\u00bb hover_btn_color=\u00bbwhite\u00bb hover_btn_size=\u00bblg\u00bb hover_btn_align=\u00bbcenter\u00bb hover_add_button=\u00bbtrue\u00bb hover_btn_link=\u00bburl:https%3A%2F%2Ff425-services.systeme.io%2F2cd231b2-ef298596-b064f024|title:Comprar%20Ahora|target:_blank\u00bb css=\u00bb.vc_custom_1761912345218{background-color: #eaeaea !important;background-position: center !important;background-repeat: no-repeat !important;background-size: contain !important;}\u00bb el_class=\u00bbboton_ajustado\u00bb]<\/p>\n<h4 dir=\"ltr\" style=\"text-align: center;\">Recuperar el control de tu cocina Ahorrar dinero evitando compras innecesarias Maximizar el espacio sin remodelar Tener una despensa clara y funcional Dejar de acumular objetos sin uso Crear ambientes que te den paz y bienestar<\/h4>\n<p>[\/vc_hoverbox][vc_custom_heading text=\u00bbPromoci\u00f3n de Lanzamiento\u00bb font_container=\u00bbtag:h3|text_align:center|color:%23ffffff|line_height:45px\u00bb use_theme_fonts=\u00bbyes\u00bb css=\u00bb.vc_custom_1761776337743{background-color: #62c8ba !important;}\u00bb el_class=\u00bbno_uppercase wf-wrap\u00bb]<div class=\"ult-spacer spacer-69d17009bdc24\" data-id=\"69d17009bdc24\" data-height=\"\" data-height-mobile=\"\" data-height-tab=\"\" data-height-tab-portrait=\"\" data-height-mobile-landscape=\"\" style=\"clear:both;display:block;\"><\/div>[vc_column_text el_class=\u00bbwf-wrap\u00bb css=\u00bb.vc_custom_1761910221868{padding-top: 40px !important;padding-bottom: 40px !important;}\u00bb]<\/p>\n<ul style=\"margin-top: 15px;\">\n<li style=\"margin-bottom: 15px;\"><i class=\"far fa-check-circle\"><\/i> Precio promocional:\u00a0<strong>$120 USD.<\/strong>\u00a0Utiliza el c\u00f3digo de promoci\u00f3n\u00a0<strong>Cocina<\/strong>.<\/li>\n<li style=\"margin-bottom: 15px;\"><i class=\"far fa-check-circle\"><\/i> Acceso inmediato al curso 100% online y grabado. Tendr\u00e1s\u00a0<strong>6 meses<\/strong>\u00a0para completarlo<\/li>\n<li style=\"margin-bottom: 15px;\"><i class=\"far fa-check-circle\"><\/i>Participa en el sorteo de una asesor\u00eda personalizada de 30 minutos con Marian Bello.<\/li>\n<li style=\"margin-bottom: 15px;\"><i class=\"far fa-check-circle\"><\/i> Tienes hasta el 15 de septiembre de 2025\u00a0para aprovechar esta\u00a0<strong>oferta especial<\/strong>\u00a0y entrar al sorteo.<\/li>\n<\/ul>\n<p>[\/vc_column_text][vc_btn title=\u00bbCOMPRAR AHORA\u00bb style=\u00bbcustom\u00bb custom_background=\u00bb#66c9ba\u00bb custom_text=\u00bb#ffffff\u00bb size=\u00bblg\u00bb align=\u00bbcenter\u00bb smooth_scroll=\u00bbtrue\u00bb][\/vc_column_inner][vc_column_inner][vc_custom_heading text=\u00bb\u00bfC\u00f3mo accedes al curso?\u00bb font_container=\u00bbtag:h3|text_align:center|color:%23ffffff|line_height:45px\u00bb use_theme_fonts=\u00bbyes\u00bb css=\u00bb.vc_custom_1761779816454{background-color: #62c8ba !important;}\u00bb el_class=\u00bbno_uppercase wf-wrap\u00bb]<div class=\"ult-spacer spacer-69d17009bdc31\" data-id=\"69d17009bdc31\" data-height=\"\" data-height-mobile=\"\" data-height-tab=\"\" data-height-tab-portrait=\"\" data-height-mobile-landscape=\"\" style=\"clear:both;display:block;\"><\/div>[vc_column_text el_class=\u00bbwf-wrap\u00bb css=\u00bb.vc_custom_1761856031791{padding-top: 40px !important;padding-bottom: 40px !important;}\u00bb]<\/p>\n<ul>\n<li style=\"margin-bottom: 15px;\"><i class=\"far fa-check-circle\"><\/i> Haz clic en el bot\u00f3n de compra<\/li>\n<li style=\"margin-bottom: 15px;\"><i class=\"far fa-check-circle\"><\/i> Realiza tu pago seguro<\/li>\n<li style=\"margin-bottom: 15px;\"><i class=\"far fa-check-circle\"><\/i> Recibe acceso por email y entra a la plataforma<\/li>\n<li style=\"margin-bottom: 15px;\"><i class=\"far fa-check-circle\"><\/i> Aprende a tu ritmo, desde casa<\/li>\n<\/ul>\n<p>[\/vc_column_text][vc_single_image image=\u00bb2692&#8243; img_size=\u00bbfull\u00bb][\/vc_column_inner][\/vc_row_inner][\/vc_tta_section][vc_tta_section title=\u00bbFAQ\u00bb tab_id=\u00bb1600358976189-b298f821-913b\u00bb][vc_toggle title=\u00bb\u00bfCuanto tiempo tengo para hacer el curso?\u00bb custom_font_container=\u00bbtag:h2|font_size:24|text_align:left\u00bb custom_google_fonts=\u00bbfont_family:Lora%3Aregular%2Citalic%2C700%2C700italic|font_style:400%20regular%3A400%3Anormal\u00bb use_custom_heading=\u00bbtrue\u00bb el_class=\u00bbwf-wrap\u00bb custom_el_class=\u00bbno_uppercase\u00bb]A partir de la compra tienes 6 meses para realizar el curso<\/p>\n<p>[\/vc_toggle][vc_toggle title=\u00bb\u00bfRecibir\u00e9 Certificado del curso?\u00bb custom_font_container=\u00bbtag:h2|font_size:24|text_align:left\u00bb custom_google_fonts=\u00bbfont_family:Lora%3Aregular%2Citalic%2C700%2C700italic|font_style:400%20regular%3A400%3Anormal\u00bb use_custom_heading=\u00bbtrue\u00bb el_class=\u00bbwf-wrap\u00bb custom_el_class=\u00bbno_uppercase\u00bb]Luego de que veas los m\u00f3dulos y realices los test, recibir\u00e1s v\u00eda email tu Certificado[\/vc_toggle][vc_toggle title=\u00bb\u00bfPuedo realizar consultas mientras realice el curso?\u00bb custom_font_container=\u00bbtag:h2|font_size:24|text_align:left\u00bb custom_google_fonts=\u00bbfont_family:Lora%3Aregular%2Citalic%2C700%2C700italic|font_style:400%20regular%3A400%3Anormal\u00bb use_custom_heading=\u00bbtrue\u00bb el_class=\u00bbwf-wrap\u00bb custom_el_class=\u00bbno_uppercase\u00bb]<\/p>\n<p dir=\"ltr\">Si tienes alg\u00fan inconveniente con el curso, escribe a\u00a0<a href=\"mailto:services@mayamorganizer.com\">services@mayamorganizer.com<\/a>\u00a0o por WhatsApp.<\/p>\n<p dir=\"ltr\">Si al terminar el curso deseas una consulta con relaci\u00f3n a como organizar tu espacio, puedes solicitarla a trav\u00e9s de WhatsApp a Marian Bello.<\/p>\n<p>[\/vc_toggle][vc_toggle title=\u00bb\u00bfC\u00f3mo ingreso al curso nuevamente?\u00bb custom_font_container=\u00bbtag:h2|font_size:24|text_align:left\u00bb custom_google_fonts=\u00bbfont_family:Lora%3Aregular%2Citalic%2C700%2C700italic|font_style:400%20regular%3A400%3Anormal\u00bb use_custom_heading=\u00bbtrue\u00bb el_class=\u00bbwf-wrap\u00bb custom_el_class=\u00bbno_uppercase\u00bb]<\/p>\n<p dir=\"ltr\">El correo que recibiste despu\u00e9s de comprarlo, tiene el enlace de acceso al curso, lo puedes usar todas las veces que lo necesites.<\/p>\n<p>[\/vc_toggle][\/vc_tta_section][\/vc_tta_tabs][vc_btn title=\u00bbCOMPRAR AHORA\u00bb style=\u00bbcustom\u00bb custom_background=\u00bb#66c9ba\u00bb custom_text=\u00bb#ffffff\u00bb size=\u00bblg\u00bb align=\u00bbcenter\u00bb smooth_scroll=\u00bbtrue\u00bb]\n<div id=\"interactive-banner-1-wrap-3232\" class=\"ult-banner-block ult-adjust-bottom-margin ult-bb-box ult-banner-block-custom-height banner-style01 vc_btn3-style-custom\"   style=\"height:250px;\">\n\t<img decoding=\"async\" src=\"https:\/\/mayamorganizer.com\/es\/wp-content\/uploads\/2025\/10\/footer-laundry.jpg\" alt=\"null\">\n\t<h1  data-ultimate-target='#interactive-banner-1-wrap-3232 .bb-top-title '  data-responsive-json-new='{\"font-size\":\"\",\"line-height\":\"\"}'  class=\"title-center bb-top-title ult-responsive\" style=\"font-weight:normal;background:#242424;color:#ffffff;\">Cocina y Laundry<\/h1>\n\t<div class=\"mask opaque-background\" style=\"background:rgba(0,0,0,0.26);\">\n\t\t<div  data-ultimate-target='#interactive-banner-1-wrap-3232 .bb-description'  data-responsive-json-new='{\"font-size\":\"\",\"line-height\":\"\"}'  class=\"bb-description ult-responsive\" style=\"font-weight:normal;color:#ffffff;\">C\u00f3mo transformar el espacio m\u00e1s olvidado del hogar<br \/>\nIdeas simples pero efectivas para maximizar ese espacio.<\/div>\n\t<\/div><a class=\"bb-link\" href=\"https:\/\/f425-services.systeme.io\/2cd231b2-ef298596-b064f024\" ><\/a>\n<\/div>[\/vc_column][\/vc_row]<\/p>\n","protected":false},"excerpt":{"rendered":"<p>[vc_row css=\u00bb.vc_custom_1761853897426{margin-top: -20px !important;}\u00bb][vc_column][vc_tta_tabs shape=\u00bbsquare\u00bb color=\u00bbwhite\u00bb alignment=\u00bbcenter\u00bb active_section=\u00bb1&#8243; no_fill_content_area=\u00bbtrue\u00bb el_class=\u00bbtab-custom\u00bb][vc_tta_section title=\u00bbCURSO\u00bb tab_id=\u00bb1600353777798-1bbfbb58-c9bf\u00bb][vc_row_inner][vc_column_inner][vc_column_text el_class=\u00bbwf-wrap\u00bb] \u00bfTe pasa que compras cosas repetidas porque no sabes lo que tienes? \u00bfPierdes tiempo buscando utensilios o productos de limpieza? \u00bfTu lavandero est\u00e1 pidiendo a gritos un cambio para devolverte paz y fluidez? Este curso es para ti. Te ense\u00f1ar\u00e9 paso a&hellip;<\/p>\n","protected":false},"author":5,"featured_media":0,"parent":0,"menu_order":0,"comment_status":"closed","ping_status":"closed","template":"","meta":{"_coblocks_attr":"","_coblocks_dimensions":"","_coblocks_responsive_height":"","_coblocks_accordion_ie_support":"","footnotes":""},"yoast_head":"<!-- This site is optimized with the Yoast SEO plugin v16.3 - https:\/\/yoast.com\/wordpress\/plugins\/seo\/ -->\n<title>Cursos Cocina y laundry - Mayam Organizer<\/title>\n<meta name=\"robots\" content=\"index, follow, max-snippet:-1, max-image-preview:large, max-video-preview:-1\" \/>\n<link rel=\"canonical\" href=\"https:\/\/mayamorganizer.com\/es\/cursos-cocina-y-laundry\/\" \/>\n<meta property=\"og:locale\" content=\"es_ES\" \/>\n<meta property=\"og:type\" content=\"article\" \/>\n<meta property=\"og:title\" content=\"Cursos Cocina y laundry - Mayam Organizer\" \/>\n<meta property=\"og:description\" content=\"[vc_row css=\u00bb.vc_custom_1761853897426{margin-top: -20px !important;}\u00bb][vc_column][vc_tta_tabs shape=\u00bbsquare\u00bb color=\u00bbwhite\u00bb alignment=\u00bbcenter\u00bb active_section=\u00bb1&#8243; no_fill_content_area=\u00bbtrue\u00bb el_class=\u00bbtab-custom\u00bb][vc_tta_section title=\u00bbCURSO\u00bb tab_id=\u00bb1600353777798-1bbfbb58-c9bf\u00bb][vc_row_inner][vc_column_inner][vc_column_text el_class=\u00bbwf-wrap\u00bb] \u00bfTe pasa que compras cosas repetidas porque no sabes lo que tienes? \u00bfPierdes tiempo buscando utensilios o productos de limpieza? \u00bfTu lavandero est\u00e1 pidiendo a gritos un cambio para devolverte paz y fluidez? Este curso es para ti. Te ense\u00f1ar\u00e9 paso a&hellip;\" \/>\n<meta property=\"og:url\" content=\"https:\/\/mayamorganizer.com\/es\/cursos-cocina-y-laundry\/\" \/>\n<meta property=\"og:site_name\" content=\"Mayam Organizer\" \/>\n<meta property=\"article:modified_time\" content=\"2025-11-19T21:59:34+00:00\" \/>\n<meta name=\"twitter:card\" content=\"summary_large_image\" \/>\n<meta name=\"twitter:label1\" content=\"Tiempo de lectura\">\n\t<meta name=\"twitter:data1\" content=\"3 minutos\">\n<script type=\"application\/ld+json\" class=\"yoast-schema-graph\">{\"@context\":\"https:\/\/schema.org\",\"@graph\":[{\"@type\":\"Organization\",\"@id\":\"https:\/\/mayamorganizer.com\/es\/#organization\",\"name\":\"Mayam Organaizer\",\"url\":\"https:\/\/mayamorganizer.com\/es\/\",\"sameAs\":[],\"logo\":{\"@type\":\"ImageObject\",\"@id\":\"https:\/\/mayamorganizer.com\/es\/#logo\",\"inLanguage\":\"es\",\"url\":\"https:\/\/mayamorganizer.com\/es\/wp-content\/uploads\/2020\/07\/Logo.png\",\"contentUrl\":\"https:\/\/mayamorganizer.com\/es\/wp-content\/uploads\/2020\/07\/Logo.png\",\"width\":100,\"height\":101,\"caption\":\"Mayam Organaizer\"},\"image\":{\"@id\":\"https:\/\/mayamorganizer.com\/es\/#logo\"}},{\"@type\":\"WebSite\",\"@id\":\"https:\/\/mayamorganizer.com\/es\/#website\",\"url\":\"https:\/\/mayamorganizer.com\/es\/\",\"name\":\"Mayam Organizer\",\"description\":\"Ordenar de manera l&oacute;gica y funcional, permite que las &aacute;reas se mantengan organizadas por m&aacute;s tiempo\",\"publisher\":{\"@id\":\"https:\/\/mayamorganizer.com\/es\/#organization\"},\"potentialAction\":[{\"@type\":\"SearchAction\",\"target\":\"https:\/\/mayamorganizer.com\/es\/?s={search_term_string}\",\"query-input\":\"required name=search_term_string\"}],\"inLanguage\":\"es\"},{\"@type\":\"WebPage\",\"@id\":\"https:\/\/mayamorganizer.com\/es\/cursos-cocina-y-laundry\/#webpage\",\"url\":\"https:\/\/mayamorganizer.com\/es\/cursos-cocina-y-laundry\/\",\"name\":\"Cursos Cocina y laundry - Mayam Organizer\",\"isPartOf\":{\"@id\":\"https:\/\/mayamorganizer.com\/es\/#website\"},\"datePublished\":\"2025-10-30T20:34:16+00:00\",\"dateModified\":\"2025-11-19T21:59:34+00:00\",\"breadcrumb\":{\"@id\":\"https:\/\/mayamorganizer.com\/es\/cursos-cocina-y-laundry\/#breadcrumb\"},\"inLanguage\":\"es\",\"potentialAction\":[{\"@type\":\"ReadAction\",\"target\":[\"https:\/\/mayamorganizer.com\/es\/cursos-cocina-y-laundry\/\"]}]},{\"@type\":\"BreadcrumbList\",\"@id\":\"https:\/\/mayamorganizer.com\/es\/cursos-cocina-y-laundry\/#breadcrumb\",\"itemListElement\":[{\"@type\":\"ListItem\",\"position\":1,\"item\":{\"@type\":\"WebPage\",\"@id\":\"https:\/\/mayamorganizer.com\/es\/\",\"url\":\"https:\/\/mayamorganizer.com\/es\/\",\"name\":\"Portada\"}},{\"@type\":\"ListItem\",\"position\":2,\"item\":{\"@id\":\"https:\/\/mayamorganizer.com\/es\/cursos-cocina-y-laundry\/#webpage\"}}]}]}<\/script>\n<!-- \/ Yoast SEO plugin. -->","_links":{"self":[{"href":"https:\/\/mayamorganizer.com\/es\/wp-json\/wp\/v2\/pages\/2724"}],"collection":[{"href":"https:\/\/mayamorganizer.com\/es\/wp-json\/wp\/v2\/pages"}],"about":[{"href":"https:\/\/mayamorganizer.com\/es\/wp-json\/wp\/v2\/types\/page"}],"author":[{"embeddable":true,"href":"https:\/\/mayamorganizer.com\/es\/wp-json\/wp\/v2\/users\/5"}],"replies":[{"embeddable":true,"href":"https:\/\/mayamorganizer.com\/es\/wp-json\/wp\/v2\/comments?post=2724"}],"version-history":[{"count":15,"href":"https:\/\/mayamorganizer.com\/es\/wp-json\/wp\/v2\/pages\/2724\/revisions"}],"predecessor-version":[{"id":2784,"href":"https:\/\/mayamorganizer.com\/es\/wp-json\/wp\/v2\/pages\/2724\/revisions\/2784"}],"wp:attachment":[{"href":"https:\/\/mayamorganizer.com\/es\/wp-json\/wp\/v2\/media?parent=2724"}],"curies":[{"name":"wp","href":"https:\/\/api.w.org\/{rel}","templated":true}]}}