{"id":2728,"date":"2025-10-30T20:34:09","date_gmt":"2025-10-30T20:34:09","guid":{"rendered":"https:\/\/mayamorganizer.com\/es\/?page_id=2728"},"modified":"2025-11-19T21:59:42","modified_gmt":"2025-11-19T21:59:42","slug":"cursos-closet-y-bano","status":"publish","type":"page","link":"https:\/\/mayamorganizer.com\/es\/cursos-closet-y-bano\/","title":{"rendered":"Cursos Closet\u00a0y\u00a0ba\u00f1o"},"content":{"rendered":"<p>[vc_row css=\u00bb.vc_custom_1761853897426{margin-top: -20px !important;}\u00bb][vc_column][vc_tta_tabs shape=\u00bbsquare\u00bb color=\u00bbwhite\u00bb alignment=\u00bbcenter\u00bb active_section=\u00bb1&#8243; no_fill_content_area=\u00bbtrue\u00bb el_class=\u00bbtab-custom\u00bb][vc_tta_section title=\u00bbCURSO\u00bb tab_id=\u00bb1600353777798-1bbfbb58-c9bf\u00bb][vc_row_inner][vc_column_inner]<div class=\"ult-spacer spacer-69d16f4be42d0\" data-id=\"69d16f4be42d0\" data-height=\"20\" data-height-mobile=\"20\" data-height-tab=\"20\" data-height-tab-portrait=\"\" data-height-mobile-landscape=\"\" style=\"clear:both;display:block;\"><\/div><div id=\"ultimate-heading-961169d16f4be43a1\" class=\"uvc-heading ult-adjust-bottom-margin ultimate-heading-961169d16f4be43a1 uvc-3076 no_uppercase wf-wrap uvc-heading-default-font-sizes\" data-hspacer=\"no_spacer\"  data-halign=\"center\" style=\"text-align:center\"><div class=\"uvc-heading-spacer no_spacer\" style=\"top\"><\/div><div class=\"uvc-main-heading ult-responsive\"  data-ultimate-target='.uvc-heading.ultimate-heading-961169d16f4be43a1 h1'  data-responsive-json-new='{\"font-size\":\"\",\"line-height\":\"\"}' ><h1 style=\"--font-weight:theme;\">Closet y ba\u00f1o<\/h1><\/div><\/div><div class=\"ult-spacer spacer-69d16f4be43ec\" data-id=\"69d16f4be43ec\" data-height=\"20\" data-height-mobile=\"20\" data-height-tab=\"20\" data-height-tab-portrait=\"\" data-height-mobile-landscape=\"\" style=\"clear:both;display:block;\"><\/div>[vc_custom_heading text=\u00bb\u00bfSientes que tu cl\u00f3set y ba\u00f1o nunca est\u00e1n realmente en orden?\u00bb font_container=\u00bbtag:h3|text_align:center|color:%23ffffff|line_height:45px\u00bb use_theme_fonts=\u00bbyes\u00bb css=\u00bb.vc_custom_1761873303824{background-color: #62c8ba !important;}\u00bb el_class=\u00bbno_uppercase wf-wrap\u00bb]<div class=\"ult-spacer spacer-69d16f4be43ff\" data-id=\"69d16f4be43ff\" data-height=\"20\" data-height-mobile=\"20\" data-height-tab=\"20\" data-height-tab-portrait=\"\" data-height-mobile-landscape=\"\" style=\"clear:both;display:block;\"><\/div>[vc_column_text el_class=\u00bbwf-wrap\u00bb]<\/p>\n<div class=\"sc-kyhyyJ hwHJum\">\n<div id=\"text-c383dc01\" class=\"sc-cEzcPc KQIbs\">\n<div class=\"sc-ccVoJg CctfB\">\n<div id=\"headline-a96cfada\" class=\"sc-cEzcPc kllTdA\">\n<p dir=\"ltr\">\u00bfNunca encuentras que ponerte y todo est\u00e1 arrugado?<\/p>\n<\/div>\n<\/div>\n<div class=\"sc-kyhyyJ hwHJum\">\n<div id=\"text-c383dc01\" class=\"sc-cEzcPc jRcBss\">\n<p dir=\"ltr\">\u00bfTienes productos vencidos, repetidos o que ni sab\u00edas que ten\u00edas en el ba\u00f1o?<\/p>\n<p dir=\"ltr\">\u00bfTe gustar\u00eda abrir el cl\u00f3set y saber exactamente qu\u00e9 tienes sin frustraci\u00f3n?<\/p>\n<\/div>\n<\/div>\n<div class=\"sc-kyhyyJ cbcgQd\">\n<div id=\"text-51352cf0\" class=\"sc-cEzcPc gbJPAt\">\n<div>\n<p dir=\"ltr\">Este curso fue creado para ayudarte a organizar dos espacios esenciales en tu rutina diaria, de una forma\u00a0<strong>simple, pr\u00e1ctica y est\u00e9tica<\/strong>.<\/p>\n<\/div>\n<\/div>\n<\/div>\n<\/div>\n<\/div>\n<div class=\"sc-kyhyyJ cbcgQd\">\n<div id=\"text-51352cf0\" class=\"sc-cEzcPc gQAHUa\">\n<div>\n<p dir=\"ltr\">\n<\/div>\n<\/div>\n<\/div>\n<p>[\/vc_column_text]<div class=\"ult-spacer spacer-69d16f4be4411\" data-id=\"69d16f4be4411\" data-height=\"20\" data-height-mobile=\"20\" data-height-tab=\"20\" data-height-tab-portrait=\"\" data-height-mobile-landscape=\"\" style=\"clear:both;display:block;\"><\/div>[vc_text_separator title=\u00bbCrear\u00e1s un sistema en el cual el orden se mantiene\u00bb border_width=\u00bb5&#8243;]<div class=\"ult-spacer spacer-69d16f4be4422\" data-id=\"69d16f4be4422\" data-height=\"20\" data-height-mobile=\"20\" data-height-tab=\"20\" data-height-tab-portrait=\"\" data-height-mobile-landscape=\"\" style=\"clear:both;display:block;\"><\/div><div class=\"shortcode-banner\" style=\"min-height: 250px;background-image: url(https:\/\/mayamorganizer.com\/es\/wp-content\/uploads\/2025\/10\/bano-closet2.jpg)\"><div class=\"shortcode-banner-bg wf-table\" style=\"padding: 15px;min-height: 250px\"><div class=\"shortcode-banner-inside wf-table text-big\" style=\"background-color: rgb(0,0,0);background-color: rgba(0,0,0,0.25);border: solid 5px transparent;outline: solid 2px;outline-color: #ffffff;height: 245px\"><div><h2 style=\"text-align: left;\"><span style=\"color: #ffffff;\">Abrir tu closet y saber que tienes <\/span><\/h2>\n<h2 style=\"text-align: left;\"><span style=\"color: #ffffff;\">ya no ser\u00e1 un sue\u00f1o&#8230;<\/span><\/h2>\n<\/div><\/div><\/div><\/div>[vc_custom_heading text=\u00bb\u00bfQu\u00e9 incluye el curso?\u00bb font_container=\u00bbtag:h3|text_align:center|color:%23ffffff|line_height:45px\u00bb use_theme_fonts=\u00bbyes\u00bb css=\u00bb.vc_custom_1761766388955{background-color: #62c8ba !important;}\u00bb el_class=\u00bbno_uppercase wf-wrap\u00bb]<div class=\"ult-spacer spacer-69d16f4be4992\" data-id=\"69d16f4be4992\" data-height=\"20\" data-height-mobile=\"20\" data-height-tab=\"20\" data-height-tab-portrait=\"\" data-height-mobile-landscape=\"\" style=\"clear:both;display:block;\"><\/div>[vc_column_text el_class=\u00bbwf-wrap\u00bb]<\/p>\n<div class=\"sc-kyhyyJ llYlXZ\">\n<div id=\"text-f0736ffe\" class=\"sc-cEzcPc icViqd\">\n<div class=\"sc-ccVoJg hlpuOV\">\n<div id=\"row-a10fb071\" class=\"sc-fKAjen iRebGk\">\n<div class=\"sc-dFULME eOltA\">\n<div class=\"sc-kyhyyJ llYlXZ\">\n<div id=\"text-f0736ffe\" class=\"sc-cEzcPc fSCiUZ\">\n<div>\n<p dir=\"ltr\">Este curso est\u00e1 dividido en\u00a0<strong>2 m\u00f3dulos<\/strong>\u00a0con\u00a0<strong>5 lecciones,\u00a0<\/strong>donde Marian te explica paso a paso c\u00f3mo transformar estos espacios<\/p>\n<\/div>\n<\/div>\n<\/div>\n<div class=\"sc-kyhyyJ llYlXZ\">\n<div id=\"text-e8e6d61a\" class=\"sc-cEzcPc bHZErV\">\n<div>\n<p dir=\"ltr\"><strong>M\u00f3dulo 1: Organicemos el Closet<\/strong><\/p>\n<\/div>\n<\/div>\n<\/div>\n<div class=\"sc-ccVoJg kHgWXz\">\n<div class=\"sc-bMamjt byeAFC\">\n<div id=\"bulletlist-eac8d621\" class=\"sc-cEzcPc iFkeaV\">\n<div>\n<p dir=\"ltr\"><strong>Lecci\u00f3n 1:<\/strong>\u00a0Lo que debes saber antes de organizar tu cl\u00f3set<\/p>\n<p dir=\"ltr\">Aprender\u00e1s a descartar, clasificar y categorizar tu ropa.<\/p>\n<p dir=\"ltr\"><strong>Lecci\u00f3n 2:<\/strong>\u00a0Vamos a doblar<\/p>\n<p dir=\"ltr\"><strong>Lecci\u00f3n 3:<\/strong>\u00a0Accesorios clave para un cl\u00f3set funcional<br \/>\nTe comparto mis herramientas favoritas y d\u00f3nde conseguirlas (Amazon + The Container Store).<\/p>\n<\/div>\n<\/div>\n<\/div>\n<\/div>\n<\/div>\n<\/div>\n<\/div>\n<div class=\"sc-ccVoJg hlpuOV\">\n<div id=\"row-1f5aa772\" class=\"sc-fKAjen iRebGk\">\n<div class=\"sc-dFULME eOltA\">\n<div class=\"sc-kyhyyJ llYlXZ\">\n<div id=\"text-c4e0e613\" class=\"sc-cEzcPc bHZErV\">\n<div>\n<p dir=\"ltr\"><strong>M\u00f3dulo 2: Organicemos al Ba\u00f1o<\/strong><\/p>\n<\/div>\n<\/div>\n<\/div>\n<div class=\"sc-ccVoJg kHgWXz\">\n<div class=\"sc-bMamjt byeAFC\">\n<div id=\"bulletlist-92462beb\" class=\"sc-cEzcPc iFkeaV\">\n<div>\n<p dir=\"ltr\"><strong>Lecci\u00f3n 3:<\/strong>\u00a0Lo que debes saber antes de organizar el ba\u00f1o<br \/>\nC\u00f3mo ordenar productos de forma pr\u00e1ctica y est\u00e9tica<\/p>\n<p dir=\"ltr\">Desde maquillaje hasta productos de higiene y medicinas.<\/p>\n<p dir=\"ltr\"><strong>Lecci\u00f3n 4:<\/strong>\u00a0Accesorios esenciales para mantener el orden<br \/>\nUsamos estos mismos productos en nuestros proyectos profesionales.<\/p>\n<\/div>\n<\/div>\n<\/div>\n<\/div>\n<\/div>\n<\/div>\n<\/div>\n<\/div>\n<\/div>\n<p>[\/vc_column_text][vc_btn title=\u00bbCOMPRAR AHORA\u00bb style=\u00bbcustom\u00bb custom_background=\u00bb#66c9ba\u00bb custom_text=\u00bb#ffffff\u00bb size=\u00bblg\u00bb align=\u00bbcenter\u00bb smooth_scroll=\u00bbtrue\u00bb][vc_hoverbox image=\u00bb2742&#8243; primary_title=\u00bb\u00bfQu\u00e9 vas a lograr con este curso?\u00bb hover_title=\u00bb\u00bb shape=\u00bbsquare\u00bb el_width=\u00bb80&#8243; hover_btn_title=\u00bbCOMPRAR AHORA\u00bb hover_btn_color=\u00bbwhite\u00bb hover_btn_size=\u00bblg\u00bb hover_btn_align=\u00bbcenter\u00bb hover_add_button=\u00bbtrue\u00bb hover_btn_link=\u00bburl:https%3A%2F%2Ff425-services.systeme.io%2F2cd231b2-ef298596-b064f024|title:Comprar%20Ahora|target:_blank\u00bb css=\u00bb.vc_custom_1761877236418{background-color: #eaeaea !important;background-position: center !important;background-repeat: no-repeat !important;background-size: contain !important;}\u00bb el_class=\u00bbboton_ajustado\u00bb]<\/p>\n<p dir=\"ltr\" style=\"text-align: center;\">\u2714\ufe0f Tener un cl\u00f3set funcional, bonito y con prop\u00f3sito<\/p>\n<p dir=\"ltr\" style=\"text-align: center;\">\u2714\ufe0f Ahorrar tiempo cada ma\u00f1ana al vestirte<\/p>\n<p dir=\"ltr\" style=\"text-align: center;\">\u2714\ufe0f Eliminar lo que no usas y dejar solo lo que te fascina<\/p>\n<p dir=\"ltr\" style=\"text-align: center;\">\u2714\ufe0f Optimizar el espacio en tu ba\u00f1o sin obras<\/p>\n<p dir=\"ltr\" style=\"text-align: center;\">\u2714\ufe0f Crear un ambiente limpio, ordenado y relajante<\/p>\n<p>[\/vc_hoverbox][vc_custom_heading text=\u00bbPromoci\u00f3n de Lanzamiento\u00bb font_container=\u00bbtag:h3|text_align:center|color:%23ffffff|line_height:45px\u00bb use_theme_fonts=\u00bbyes\u00bb css=\u00bb.vc_custom_1761776337743{background-color: #62c8ba !important;}\u00bb el_class=\u00bbno_uppercase wf-wrap\u00bb]<div class=\"ult-spacer spacer-69d16f4be49ab\" data-id=\"69d16f4be49ab\" data-height=\"20\" data-height-mobile=\"20\" data-height-tab=\"20\" data-height-tab-portrait=\"\" data-height-mobile-landscape=\"\" style=\"clear:both;display:block;\"><\/div>[vc_column_text el_class=\u00bbwf-wrap\u00bb css=\u00bb.vc_custom_1761910597176{padding-top: 40px !important;padding-bottom: 40px !important;}\u00bb]<\/p>\n<ul style=\"margin-top: 15px;\">\n<li style=\"margin-bottom: 15px;\"><i class=\"far fa-check-circle\"><\/i> Precio regular: $150.<\/li>\n<li style=\"margin-bottom: 15px;\"><i class=\"far fa-check-circle\"><\/i>Precio promocional:\u00a0<strong>$120 USD<\/strong>. Utiliza el c\u00f3digo de promoci\u00f3n\u00a0<strong>Closet<\/strong>. (\u00a1por tiempo limitado!).<\/li>\n<li style=\"margin-bottom: 15px;\"><i class=\"far fa-check-circle\"><\/i> Acceso inmediato al curso 100% online y grabado.\u00a0<strong>Tendr\u00e1s 6 meses<\/strong>\u00a0para completarlo.<\/li>\n<li style=\"margin-bottom: 15px;\"><i class=\"far fa-check-circle\"><\/i> Participa en el sorteo de una asesor\u00eda personalizada de 30 minutos con Marian Bello.<\/li>\n<li style=\"margin-bottom: 15px;\"><i class=\"far fa-check-circle\"><\/i> Tienes hasta el 15 de septiembre de 2025\u00a0para aprovechar esta\u00a0<strong>oferta especial<\/strong>\u00a0y entrar<\/li>\n<\/ul>\n<p>[\/vc_column_text][vc_btn title=\u00bbCOMPRAR AHORA\u00bb style=\u00bbcustom\u00bb custom_background=\u00bb#66c9ba\u00bb custom_text=\u00bb#ffffff\u00bb size=\u00bblg\u00bb align=\u00bbcenter\u00bb smooth_scroll=\u00bbtrue\u00bb][\/vc_column_inner][vc_column_inner][vc_custom_heading text=\u00bb\u00bfC\u00f3mo accedes al curso?\u00bb font_container=\u00bbtag:h3|text_align:center|color:%23ffffff|line_height:45px\u00bb use_theme_fonts=\u00bbyes\u00bb css=\u00bb.vc_custom_1761779816454{background-color: #62c8ba !important;}\u00bb el_class=\u00bbno_uppercase wf-wrap\u00bb][vc_column_text el_class=\u00bbwf-wrap\u00bb css=\u00bb.vc_custom_1761856031791{padding-top: 40px !important;padding-bottom: 40px !important;}\u00bb]<\/p>\n<ul>\n<li style=\"margin-bottom: 15px;\"><i class=\"far fa-check-circle\"><\/i> Haz clic en el bot\u00f3n de compra<\/li>\n<li style=\"margin-bottom: 15px;\"><i class=\"far fa-check-circle\"><\/i> Realiza tu pago seguro<\/li>\n<li style=\"margin-bottom: 15px;\"><i class=\"far fa-check-circle\"><\/i> Recibe acceso por email y entra a la plataforma<\/li>\n<li style=\"margin-bottom: 15px;\"><i class=\"far fa-check-circle\"><\/i> Aprende a tu ritmo, desde casa<\/li>\n<\/ul>\n<p>[\/vc_column_text][vc_single_image image=\u00bb2746&#8243; img_size=\u00bbfull\u00bb][\/vc_column_inner][\/vc_row_inner][\/vc_tta_section][vc_tta_section title=\u00bbFAQ\u00bb tab_id=\u00bb1600358976189-b298f821-913b\u00bb][vc_toggle title=\u00bb\u00bfCuanto tiempo tengo para hacer el curso?\u00bb custom_font_container=\u00bbtag:h2|font_size:24|text_align:left\u00bb custom_google_fonts=\u00bbfont_family:Lora%3Aregular%2Citalic%2C700%2C700italic|font_style:400%20regular%3A400%3Anormal\u00bb use_custom_heading=\u00bbtrue\u00bb el_class=\u00bbwf-wrap\u00bb custom_el_class=\u00bbno_uppercase\u00bb]A partir de la compra tienes 6 meses para realizar el curso<\/p>\n<p>[\/vc_toggle][vc_toggle title=\u00bb\u00bfRecibir\u00e9 Certificado del curso?\u00bb custom_font_container=\u00bbtag:h2|font_size:24|text_align:left\u00bb custom_google_fonts=\u00bbfont_family:Lora%3Aregular%2Citalic%2C700%2C700italic|font_style:400%20regular%3A400%3Anormal\u00bb use_custom_heading=\u00bbtrue\u00bb el_class=\u00bbwf-wrap\u00bb custom_el_class=\u00bbno_uppercase\u00bb]Luego de que veas los m\u00f3dulos y realices los test, recibir\u00e1s v\u00eda email tu Certificado[\/vc_toggle][vc_toggle title=\u00bb\u00bfPuedo realizar consultas mientras realice el curso?\u00bb custom_font_container=\u00bbtag:h2|font_size:24|text_align:left\u00bb custom_google_fonts=\u00bbfont_family:Lora%3Aregular%2Citalic%2C700%2C700italic|font_style:400%20regular%3A400%3Anormal\u00bb use_custom_heading=\u00bbtrue\u00bb el_class=\u00bbwf-wrap\u00bb custom_el_class=\u00bbno_uppercase\u00bb]<\/p>\n<p dir=\"ltr\">Si tienes alg\u00fan inconveniente con el curso, escribe a\u00a0<a href=\"mailto:services@mayamorganizer.com\">services@mayamorganizer.com<\/a>\u00a0o por WhatsApp.<\/p>\n<p dir=\"ltr\">Si al terminar el curso deseas una consulta con relaci\u00f3n a como organizar tu espacio, puedes solicitarla a trav\u00e9s de WhatsApp a Marian Bello.<\/p>\n<p>[\/vc_toggle][vc_toggle title=\u00bb\u00bfC\u00f3mo ingreso al curso nuevamente?\u00bb custom_font_container=\u00bbtag:h2|font_size:24|text_align:left\u00bb custom_google_fonts=\u00bbfont_family:Lora%3Aregular%2Citalic%2C700%2C700italic|font_style:400%20regular%3A400%3Anormal\u00bb use_custom_heading=\u00bbtrue\u00bb el_class=\u00bbwf-wrap\u00bb custom_el_class=\u00bbno_uppercase\u00bb]<\/p>\n<p dir=\"ltr\">El correo que recibiste despu\u00e9s de comprarlo, tiene el enlace de acceso al curso, lo puedes usar todas las veces que lo necesites.<\/p>\n<p>[\/vc_toggle][\/vc_tta_section][\/vc_tta_tabs][vc_btn title=\u00bbCOMPRAR AHORA\u00bb style=\u00bbcustom\u00bb custom_background=\u00bb#66c9ba\u00bb custom_text=\u00bb#ffffff\u00bb size=\u00bblg\u00bb align=\u00bbcenter\u00bb smooth_scroll=\u00bbtrue\u00bb]\n<div id=\"interactive-banner-1-wrap-7768\" class=\"ult-banner-block ult-adjust-bottom-margin ult-bb-box ult-banner-block-custom-height banner-style01 vc_btn3-style-custom\"   style=\"height:250px;\">\n\t<img decoding=\"async\" src=\"https:\/\/mayamorganizer.com\/es\/wp-content\/uploads\/2025\/10\/banner-footeBano.jpg\" alt=\"null\">\n\t<h1  data-ultimate-target='#interactive-banner-1-wrap-7768 .bb-top-title '  data-responsive-json-new='{\"font-size\":\"\",\"line-height\":\"\"}'  class=\"title-center bb-top-title ult-responsive\" style=\"font-weight:normal;background:#242424;color:#ffffff;\">Closet y Ba\u00f1o<\/h1>\n\t<div class=\"mask opaque-background\" style=\"background:rgba(0,0,0,0.26);\">\n\t\t<div  data-ultimate-target='#interactive-banner-1-wrap-7768 .bb-description'  data-responsive-json-new='{\"font-size\":\"\",\"line-height\":\"\"}'  class=\"bb-description ult-responsive\" style=\"font-weight:normal;color:#ffffff;\">Te imaginas abrir tu closet y saber exactamente qu\u00e9 tienes!<br \/>\nEliminar los productos vencidos que ni sab\u00edas que exist\u00edan<\/div>\n\t<\/div><a class=\"bb-link\" href=\"https:\/\/f425-services.systeme.io\/2cd231b2-ef298596-b064f024\" ><\/a>\n<\/div>[\/vc_column][\/vc_row]<\/p>\n","protected":false},"excerpt":{"rendered":"<p>[vc_row css=\u00bb.vc_custom_1761853897426{margin-top: -20px !important;}\u00bb][vc_column][vc_tta_tabs shape=\u00bbsquare\u00bb color=\u00bbwhite\u00bb alignment=\u00bbcenter\u00bb active_section=\u00bb1&#8243; no_fill_content_area=\u00bbtrue\u00bb el_class=\u00bbtab-custom\u00bb][vc_tta_section title=\u00bbCURSO\u00bb tab_id=\u00bb1600353777798-1bbfbb58-c9bf\u00bb][vc_row_inner][vc_column_inner][vc_custom_heading text=\u00bb\u00bfSientes que tu cl\u00f3set y ba\u00f1o nunca est\u00e1n realmente en orden?\u00bb font_container=\u00bbtag:h3|text_align:center|color:%23ffffff|line_height:45px\u00bb use_theme_fonts=\u00bbyes\u00bb css=\u00bb.vc_custom_1761873303824{background-color: #62c8ba !important;}\u00bb el_class=\u00bbno_uppercase wf-wrap\u00bb][vc_column_text el_class=\u00bbwf-wrap\u00bb] \u00bfNunca encuentras que ponerte y todo est\u00e1 arrugado? \u00bfTienes productos vencidos, repetidos o que ni sab\u00edas que ten\u00edas en el ba\u00f1o? \u00bfTe gustar\u00eda abrir&hellip;<\/p>\n","protected":false},"author":5,"featured_media":0,"parent":0,"menu_order":0,"comment_status":"closed","ping_status":"closed","template":"","meta":{"_coblocks_attr":"","_coblocks_dimensions":"","_coblocks_responsive_height":"","_coblocks_accordion_ie_support":"","footnotes":""},"yoast_head":"<!-- This site is optimized with the Yoast SEO plugin v16.3 - https:\/\/yoast.com\/wordpress\/plugins\/seo\/ -->\n<title>Cursos Closet\u00a0y\u00a0ba\u00f1o - Mayam Organizer<\/title>\n<meta name=\"robots\" content=\"index, follow, max-snippet:-1, max-image-preview:large, max-video-preview:-1\" \/>\n<link rel=\"canonical\" href=\"https:\/\/mayamorganizer.com\/es\/cursos-closet-y-bano\/\" \/>\n<meta property=\"og:locale\" content=\"es_ES\" \/>\n<meta property=\"og:type\" content=\"article\" \/>\n<meta property=\"og:title\" content=\"Cursos Closet\u00a0y\u00a0ba\u00f1o - Mayam Organizer\" \/>\n<meta property=\"og:description\" content=\"[vc_row css=\u00bb.vc_custom_1761853897426{margin-top: -20px !important;}\u00bb][vc_column][vc_tta_tabs shape=\u00bbsquare\u00bb color=\u00bbwhite\u00bb alignment=\u00bbcenter\u00bb active_section=\u00bb1&#8243; no_fill_content_area=\u00bbtrue\u00bb el_class=\u00bbtab-custom\u00bb][vc_tta_section title=\u00bbCURSO\u00bb tab_id=\u00bb1600353777798-1bbfbb58-c9bf\u00bb][vc_row_inner][vc_column_inner][vc_custom_heading text=\u00bb\u00bfSientes que tu cl\u00f3set y ba\u00f1o nunca est\u00e1n realmente en orden?\u00bb font_container=\u00bbtag:h3|text_align:center|color:%23ffffff|line_height:45px\u00bb use_theme_fonts=\u00bbyes\u00bb css=\u00bb.vc_custom_1761873303824{background-color: #62c8ba !important;}\u00bb el_class=\u00bbno_uppercase wf-wrap\u00bb][vc_column_text el_class=\u00bbwf-wrap\u00bb] \u00bfNunca encuentras que ponerte y todo est\u00e1 arrugado? \u00bfTienes productos vencidos, repetidos o que ni sab\u00edas que ten\u00edas en el ba\u00f1o? \u00bfTe gustar\u00eda abrir&hellip;\" \/>\n<meta property=\"og:url\" content=\"https:\/\/mayamorganizer.com\/es\/cursos-closet-y-bano\/\" \/>\n<meta property=\"og:site_name\" content=\"Mayam Organizer\" \/>\n<meta property=\"article:modified_time\" content=\"2025-11-19T21:59:42+00:00\" \/>\n<meta name=\"twitter:card\" content=\"summary_large_image\" \/>\n<meta name=\"twitter:label1\" content=\"Tiempo de lectura\">\n\t<meta name=\"twitter:data1\" content=\"3 minutos\">\n<script type=\"application\/ld+json\" class=\"yoast-schema-graph\">{\"@context\":\"https:\/\/schema.org\",\"@graph\":[{\"@type\":\"Organization\",\"@id\":\"https:\/\/mayamorganizer.com\/es\/#organization\",\"name\":\"Mayam Organaizer\",\"url\":\"https:\/\/mayamorganizer.com\/es\/\",\"sameAs\":[],\"logo\":{\"@type\":\"ImageObject\",\"@id\":\"https:\/\/mayamorganizer.com\/es\/#logo\",\"inLanguage\":\"es\",\"url\":\"https:\/\/mayamorganizer.com\/es\/wp-content\/uploads\/2020\/07\/Logo.png\",\"contentUrl\":\"https:\/\/mayamorganizer.com\/es\/wp-content\/uploads\/2020\/07\/Logo.png\",\"width\":100,\"height\":101,\"caption\":\"Mayam Organaizer\"},\"image\":{\"@id\":\"https:\/\/mayamorganizer.com\/es\/#logo\"}},{\"@type\":\"WebSite\",\"@id\":\"https:\/\/mayamorganizer.com\/es\/#website\",\"url\":\"https:\/\/mayamorganizer.com\/es\/\",\"name\":\"Mayam Organizer\",\"description\":\"Ordenar de manera l&oacute;gica y funcional, permite que las &aacute;reas se mantengan organizadas por m&aacute;s tiempo\",\"publisher\":{\"@id\":\"https:\/\/mayamorganizer.com\/es\/#organization\"},\"potentialAction\":[{\"@type\":\"SearchAction\",\"target\":\"https:\/\/mayamorganizer.com\/es\/?s={search_term_string}\",\"query-input\":\"required name=search_term_string\"}],\"inLanguage\":\"es\"},{\"@type\":\"WebPage\",\"@id\":\"https:\/\/mayamorganizer.com\/es\/cursos-closet-y-bano\/#webpage\",\"url\":\"https:\/\/mayamorganizer.com\/es\/cursos-closet-y-bano\/\",\"name\":\"Cursos Closet\\u00a0y\\u00a0ba\\u00f1o - Mayam Organizer\",\"isPartOf\":{\"@id\":\"https:\/\/mayamorganizer.com\/es\/#website\"},\"datePublished\":\"2025-10-30T20:34:09+00:00\",\"dateModified\":\"2025-11-19T21:59:42+00:00\",\"breadcrumb\":{\"@id\":\"https:\/\/mayamorganizer.com\/es\/cursos-closet-y-bano\/#breadcrumb\"},\"inLanguage\":\"es\",\"potentialAction\":[{\"@type\":\"ReadAction\",\"target\":[\"https:\/\/mayamorganizer.com\/es\/cursos-closet-y-bano\/\"]}]},{\"@type\":\"BreadcrumbList\",\"@id\":\"https:\/\/mayamorganizer.com\/es\/cursos-closet-y-bano\/#breadcrumb\",\"itemListElement\":[{\"@type\":\"ListItem\",\"position\":1,\"item\":{\"@type\":\"WebPage\",\"@id\":\"https:\/\/mayamorganizer.com\/es\/\",\"url\":\"https:\/\/mayamorganizer.com\/es\/\",\"name\":\"Portada\"}},{\"@type\":\"ListItem\",\"position\":2,\"item\":{\"@id\":\"https:\/\/mayamorganizer.com\/es\/cursos-closet-y-bano\/#webpage\"}}]}]}<\/script>\n<!-- \/ Yoast SEO plugin. -->","_links":{"self":[{"href":"https:\/\/mayamorganizer.com\/es\/wp-json\/wp\/v2\/pages\/2728"}],"collection":[{"href":"https:\/\/mayamorganizer.com\/es\/wp-json\/wp\/v2\/pages"}],"about":[{"href":"https:\/\/mayamorganizer.com\/es\/wp-json\/wp\/v2\/types\/page"}],"author":[{"embeddable":true,"href":"https:\/\/mayamorganizer.com\/es\/wp-json\/wp\/v2\/users\/5"}],"replies":[{"embeddable":true,"href":"https:\/\/mayamorganizer.com\/es\/wp-json\/wp\/v2\/comments?post=2728"}],"version-history":[{"count":16,"href":"https:\/\/mayamorganizer.com\/es\/wp-json\/wp\/v2\/pages\/2728\/revisions"}],"predecessor-version":[{"id":2782,"href":"https:\/\/mayamorganizer.com\/es\/wp-json\/wp\/v2\/pages\/2728\/revisions\/2782"}],"wp:attachment":[{"href":"https:\/\/mayamorganizer.com\/es\/wp-json\/wp\/v2\/media?parent=2728"}],"curies":[{"name":"wp","href":"https:\/\/api.w.org\/{rel}","templated":true}]}}