{"id":889,"date":"2019-08-30T12:02:43","date_gmt":"2019-08-30T12:02:43","guid":{"rendered":"https:\/\/the7.io\/hotel\/?page_id=889"},"modified":"2021-01-20T16:08:04","modified_gmt":"2021-01-20T16:08:04","slug":"mayam","status":"publish","type":"page","link":"https:\/\/mayamorganizer.com\/es\/mayam\/","title":{"rendered":"Mayam"},"content":{"rendered":"<p>[vc_row gap=\u00bb20&#8243; full_height=\u00bbyes\u00bb columns_placement=\u00bbtop\u00bb equal_height=\u00bbyes\u00bb content_placement=\u00bbmiddle\u00bb css=\u00bb.vc_custom_1593468177016{margin-top: -40px !important;margin-right: 0px !important;margin-left: 0px !important;padding-top: 0px !important;padding-bottom: 20px !important;}\u00bb][vc_column width=\u00bb1\/2&#8243; css=\u00bb.vc_custom_1594237434555{margin-top: 0px !important;margin-right: 0px !important;margin-bottom: 0px !important;margin-left: 0px !important;padding-right: 0px !important;padding-left: 0px !important;}\u00bb][vc_single_image image=\u00bb2228&#8243; img_size=\u00bbfull\u00bb css=\u00bb.vc_custom_1594238002997{margin-top: 0px !important;margin-right: 0px !important;margin-bottom: 0px !important;margin-left: 0px !important;padding-top: 25px !important;padding-right: 25px !important;padding-bottom: 25px !important;padding-left: 25px !important;}\u00bb][\/vc_column][vc_column width=\u00bb1\/2&#8243; css=\u00bb.vc_custom_1590344995176{margin-top: 0px !important;margin-bottom: 0px !important;padding-top: 0px !important;padding-right: 20px !important;padding-bottom: 0px !important;padding-left: 20px !important;background-color: #ffffff !important;}\u00bb]<div id=\"ultimate-heading-212869d1722694e88\" class=\"uvc-heading ult-adjust-bottom-margin ultimate-heading-212869d1722694e88 uvc-5712 \" data-hspacer=\"no_spacer\"  data-halign=\"left\" style=\"text-align:left\"><div class=\"uvc-heading-spacer no_spacer\" style=\"top\"><\/div><div class=\"uvc-main-heading ult-responsive\"  data-ultimate-target='.uvc-heading.ultimate-heading-212869d1722694e88 h2'  data-responsive-json-new='{\"font-size\":\"desktop:40px;tablet:38px;tablet_portrait:38px;mobile_landscape:35px;mobile:35px;\",\"line-height\":\"desktop:45px;tablet:42px;tablet_portrait:42px;mobile_landscape:32px;mobile:32px;\"}' ><h2 style=\"--font-weight:theme;color:#353535;margin-top:0px;margin-bottom:30px;\">Conoce la historia<br \/>\nde Marian Bello<\/h2><\/div><div class=\"uvc-sub-heading ult-responsive\"  data-ultimate-target='.uvc-heading.ultimate-heading-212869d1722694e88 .uvc-sub-heading '  data-responsive-json-new='{\"font-size\":\"\",\"line-height\":\"\"}'  style=\"font-weight:normal;\"><\/p>\n<p class=\"p1\" style=\"text-align: justify;\"><span class=\"s1\">Soy la fundadora de Mayam Organizer, Venezolana, nac\u00ed en Caracas (de Los Leones del Caracas, como debe ser), hija de Venezolanos y amante de la lasagna (abuela Italiana) y del flamenco (abuelo Espa\u00f1ol).<\/span><\/p>\n<p style=\"text-align: justify;\">Estudi\u00e9 primaria y secundaria en colegio de monjas, el cual recuerdo con nostalgia y lo amo con locura. Donde aprend\u00ed el don de la disciplina<span class=\"Apple-converted-space\">\u00a0 <\/span>y el orden. De mi colegio sal\u00ed directo a la universidad donde me gradu\u00e9 como administrador de empresas y donde conoc\u00ed a mi esposo (ya hoy son 17 a\u00f1os de casados, y tenemos un gal\u00e1n de 14 a\u00f1os y una princesa de 12).<\/p>\n<p><\/div><\/div>[\/vc_column][\/vc_row][vc_row gap=\u00bb20&#8243; full_height=\u00bbyes\u00bb columns_placement=\u00bbtop\u00bb equal_height=\u00bbyes\u00bb content_placement=\u00bbmiddle\u00bb css=\u00bb.vc_custom_1595169598231{margin-right: 0px !important;margin-left: 0px !important;padding-top: 0px !important;padding-bottom: 40px !important;}\u00bb][vc_column width=\u00bb1\/2&#8243; css=\u00bb.vc_custom_1593468121409{margin-top: 0px !important;margin-bottom: 0px !important;padding-top: 30px !important;padding-right: 20px !important;padding-bottom: 0px !important;padding-left: 20px !important;background-color: #ffffff !important;}\u00bb]<div id=\"ultimate-heading-835969d1722694f10\" class=\"uvc-heading ult-adjust-bottom-margin ultimate-heading-835969d1722694f10 uvc-7198 \" data-hspacer=\"no_spacer\"  data-halign=\"left\" style=\"text-align:left\"><div class=\"uvc-heading-spacer no_spacer\" style=\"top\"><\/div><div class=\"uvc-sub-heading ult-responsive\"  data-ultimate-target='.uvc-heading.ultimate-heading-835969d1722694f10 .uvc-sub-heading '  data-responsive-json-new='{\"font-size\":\"\",\"line-height\":\"\"}'  style=\"font-weight:normal;\"><\/p>\n<p class=\"p1\" style=\"text-align: justify;\"><span class=\"s1\">Desde peque\u00f1a siempre tuve un mapa bastante claro de las cosas que quer\u00eda, por lo cual<span class=\"Apple-converted-space\">\u00a0 <\/span>comenc\u00e9 a trabajar al salir del colegio, en la industria farmac\u00e9utica y de consumo masivo, mientras estudiaba en la Universidad, en laboratorios como Jhonson &amp; Jhonson, Colgate Palmolive, Novartis Nutrition, Gerber Baby Food y Laboratorios Roche donde aprend\u00ed todo lo que hoy se con respecto al marketing, mas un MBA de marketing que realice para cerrar mi carrera profesional de por mas de 20 a\u00f1os.<\/span><\/p>\n<p class=\"p1\" style=\"text-align: justify;\"><span class=\"s1\">En Junio del 2010 decidimos venirnos a vivir a Miami, y aunque siempre he sido una amante obsesa del orden, no fue sino hasta mediados del 2017 que le di un vuelvo a mi vida y decid\u00ed emprender mi propia empresa, naciendo as\u00ed Mayam Organizer. Ese sue\u00f1o hecho realidad de poder contribuir con otros aportando m\u00ed pasi\u00f3n por organizar espacios f\u00edsicos eficientemente, generando \u00e1reas armoniosas, pr\u00e1cticas y que se mantengan organizadas por m\u00e1s tiempo.<\/span><\/p>\n<p><\/div><\/div>[vc_single_image image=\u00bb2079&#8243;][\/vc_column][vc_column width=\u00bb1\/2&#8243; css=\u00bb.vc_custom_1590345135235{margin-top: 0px !important;margin-right: 0px !important;margin-bottom: 0px !important;margin-left: 0px !important;padding-right: 0px !important;padding-left: 0px !important;}\u00bb][vc_single_image image=\u00bb2241&#8243; img_size=\u00bbfull\u00bb css=\u00bb.vc_custom_1595169579107{margin-top: 0px !important;margin-right: 0px !important;margin-bottom: 0px !important;margin-left: 0px !important;padding-top: 25px !important;padding-right: 25px !important;padding-bottom: 25px !important;padding-left: 25px !important;}\u00bb][\/vc_column][\/vc_row][vc_row full_width=\u00bbstretch_row_content_no_spaces\u00bb bg_type=\u00bbimage\u00bb parallax_style=\u00bbvcpb-vz-jquery\u00bb bg_image_repeat=\u00bbno-repeat\u00bb bg_img_attach=\u00bbfixed\u00bb css=\u00bb.vc_custom_1594240404748{padding-top: 80px !important;padding-bottom: 80px !important;background-color: #f4f4f4 !important;}\u00bb][vc_column offset=\u00bbvc_col-md-offset-3 vc_col-md-6&#8243; css=\u00bb.vc_custom_1589912245053{padding-top: 50px !important;padding-bottom: 50px !important;}\u00bb][vc_column_text css=\u00bb.vc_custom_1594240479317{margin-top: 90px !important;margin-bottom: 90px !important;padding-right: 40px !important;padding-left: 40px !important;}\u00bb]<\/p>\n<h4 style=\"text-align: center;\"><span style=\"color: #000000;\">\u00abMi pasi\u00f3n: organizar espacios f\u00edsicos eficientemente, generando \u00e1reas armoniosas\u00bb.<\/span><\/h4>\n<h5 style=\"text-align: center;\"><span style=\"color: #000000;\">M A Y A M\u00a0 \u00a0 O R G A N I Z E R\u00a0<\/span><\/h5>\n<p>[\/vc_column_text][\/vc_column][\/vc_row][vc_row full_width=\u00bbstretch_row_content\u00bb css=\u00bb.vc_custom_1594240863486{padding-top: 80px !important;padding-bottom: 110px !important;background-position: 0 0 !important;background-repeat: no-repeat !important;}\u00bb][vc_column][vc_column_text]<\/p>\n<h2 style=\"text-align: center;\"><span style=\"color: #353535;\">Conoce nuestros servicios<\/span><\/h2>\n<p>[\/vc_column_text][vc_separator color=\u00bbcustom\u00bb el_width=\u00bb90&#8243; accent_color=\u00bb#6cc2b6&#8243; css=\u00bb.vc_custom_1593643726587{margin-top: 0px !important;padding-top: 0px !important;}\u00bb][vc_row_inner equal_height=\u00bbyes\u00bb content_placement=\u00bbtop\u00bb css=\u00bb.vc_custom_1590354110848{margin-top: 10px !important;margin-right: 20px !important;margin-left: 20px !important;padding-top: 10px !important;}\u00bb][vc_column_inner width=\u00bb1\/5&#8243; css=\u00bb.vc_custom_1590354062356{margin-top: 0px !important;margin-right: 0px !important;margin-bottom: 0px !important;margin-left: 0px !important;padding-top: 10px !important;padding-right: 10px !important;padding-bottom: 10px !important;padding-left: 10px !important;}\u00bb][vc_single_image image=\u00bb1742&#8243; img_size=\u00bb60&#215;60&#8243; alignment=\u00bbcenter\u00bb onclick=\u00bbcustom_link\u00bb link=\u00bbhttps:\/\/mayamorganizer.com\/es\/nuestros-servicios\/#organizacion\u00bb][vc_column_text css=\u00bb.vc_custom_1593643655857{margin-top: -20px !important;padding-right: 15px !important;padding-left: 15px !important;}\u00bb]<\/p>\n<h4 style=\"text-align: center;\"><span class=\"s2\" style=\"color: #535353;\">Servicios de<br \/>\nOrganizaci\u00f3n<\/span><\/h4>\n<p>[\/vc_column_text][vc_column_text]<\/p>\n<h6><span class=\"s2\" style=\"color: #808080;\">Asesoramiento de como colocar de manera sistem\u00e1tica, armoniosa y eficiente los objetos&#8230;<\/span><\/h6>\n<p>[\/vc_column_text]<span id=\"creative-link-wrap-1294\" class=\"ult_main_cl ult-adjust-bottom-margin  \" >\n\t \t\t\t<span class=\"ult_cl_link_3  ult_crlink\" >\n\t\t\t\t\t<a  data-ultimate-target='#creative-link-wrap-1294 .ult_colorlink'  data-responsive-json-new='{\"font-size\":\"desktop:15px;\",\"line-height\":\"desktop:20px;\"}'  href=\"https:\/\/mayamorganizer.com\/available-services\/#organizacion\"  class=\"ult_colorlink ult-responsive \" style=\"font-weight:normal; \"  data-textcolor=\"#707070\" data-texthover=\"#0c0c0c\"data-style=\"Style_3\">\n\t\t\t\t\t\t\n\t\t\t\t\t\t<span data-hover=\"Ver m\u00e1s\" style=\"color:#707070;;;\" class=\"ult_btn10_span   \">Ver m\u00e1s<\/span>\n\t\t\t\t\t\t<span class=\"ult_link_btm3 \" style=\"border-color:#333333;border-bottom-width:1px;border-style:solid;\"><\/span>\n\t\t\t\t\t<\/a>\n\t\t\t\t<\/span>\n\t\t\t<\/span>[\/vc_column_inner][vc_column_inner width=\u00bb1\/5&#8243; css=\u00bb.vc_custom_1590354092150{margin-top: 0px !important;margin-right: 0px !important;margin-bottom: 0px !important;margin-left: 0px !important;padding-top: 10px !important;padding-right: 10px !important;padding-bottom: 10px !important;padding-left: 10px !important;}\u00bb][vc_single_image image=\u00bb1741&#8243; img_size=\u00bb60&#215;60&#8243; alignment=\u00bbcenter\u00bb onclick=\u00bbcustom_link\u00bb link=\u00bbhttps:\/\/mayamorganizer.com\/es\/nuestros-servicios\/#mudanza\u00bb][vc_column_text css=\u00bb.vc_custom_1593468433430{margin-top: -20px !important;padding-right: 15px !important;padding-left: 15px !important;}\u00bb]<\/p>\n<h4 style=\"text-align: center;\"><span style=\"color: #535353;\"><span class=\"s2\">Servicios de<br \/>\n<\/span><span class=\"s2\">Mudanzas<\/span><\/span><\/h4>\n<p>[\/vc_column_text][vc_column_text]<\/p>\n<h6 style=\"text-align: center;\"><span style=\"color: #808080;\"><span class=\"s2\">Asesoramiento para deshacerse de las pertenencias que ya no est\u00e1n cumpliendo su<span class=\"Apple-converted-space\">\u00a0 <\/span>prop\u00f3sito antes de embalar sus &#8230;<\/span><\/span><\/h6>\n<p>[\/vc_column_text]<span id=\"creative-link-wrap-1062\" class=\"ult_main_cl ult-adjust-bottom-margin  \" >\n\t \t\t\t<span class=\"ult_cl_link_3  ult_crlink\" >\n\t\t\t\t\t<a  data-ultimate-target='#creative-link-wrap-1062 .ult_colorlink'  data-responsive-json-new='{\"font-size\":\"desktop:15px;\",\"line-height\":\"desktop:20px;\"}'  href=\"https:\/\/mayamorganizer.com\/available-services\/#mudanza\"  class=\"ult_colorlink ult-responsive \" style=\"font-weight:normal; \"  data-textcolor=\"#707070\" data-texthover=\"#0c0c0c\"data-style=\"Style_3\">\n\t\t\t\t\t\t\n\t\t\t\t\t\t<span data-hover=\"Ver m\u00e1s\" style=\"color:#707070;;;\" class=\"ult_btn10_span   \">Ver m\u00e1s<\/span>\n\t\t\t\t\t\t<span class=\"ult_link_btm3 \" style=\"border-color:#333333;border-bottom-width:1px;border-style:solid;\"><\/span>\n\t\t\t\t\t<\/a>\n\t\t\t\t<\/span>\n\t\t\t<\/span>[\/vc_column_inner][vc_column_inner width=\u00bb1\/5&#8243; css=\u00bb.vc_custom_1590354182350{margin-top: 0px !important;margin-right: 0px !important;margin-bottom: 0px !important;margin-left: 0px !important;padding-top: 10px !important;padding-right: 10px !important;padding-bottom: 10px !important;padding-left: 10px !important;}\u00bb][vc_single_image image=\u00bb1740&#8243; img_size=\u00bb60&#215;60&#8243; alignment=\u00bbcenter\u00bb onclick=\u00bbcustom_link\u00bb link=\u00bbhttps:\/\/mayamorganizer.com\/es\/nuestros-servicios\/#almacenamiento\u00bb][vc_column_text css=\u00bb.vc_custom_1593468458462{margin-top: -20px !important;padding-right: 15px !important;padding-left: 15px !important;}\u00bb]<\/p>\n<h4 style=\"text-align: center;\"><span class=\"s2\" style=\"color: #535353;\">Asesor\u00eda<br \/>\nOnline<\/span><\/h4>\n<p>[\/vc_column_text][vc_column_text]<\/p>\n<h6 style=\"text-align: center;\"><span style=\"color: #808080;\"><span class=\"s2\">Instrucciones para organizar los espacios f\u00edsicos a distancia, explicando la metodolog\u00eda a utilizar y supervisando&#8230;<\/span><\/span><\/h6>\n<p>[\/vc_column_text]<span id=\"creative-link-wrap-3278\" class=\"ult_main_cl ult-adjust-bottom-margin  \" >\n\t \t\t\t<span class=\"ult_cl_link_3  ult_crlink\" >\n\t\t\t\t\t<a  data-ultimate-target='#creative-link-wrap-3278 .ult_colorlink'  data-responsive-json-new='{\"font-size\":\"desktop:15px;\",\"line-height\":\"desktop:20px;\"}'  href=\"https:\/\/mayamorganizer.com\/available-services\/#almacenamiento\"  class=\"ult_colorlink ult-responsive \" style=\"font-weight:normal; \"  data-textcolor=\"#707070\" data-texthover=\"#0c0c0c\"data-style=\"Style_3\">\n\t\t\t\t\t\t\n\t\t\t\t\t\t<span data-hover=\"Ver m\u00e1s\" style=\"color:#707070;;;\" class=\"ult_btn10_span   \">Ver m\u00e1s<\/span>\n\t\t\t\t\t\t<span class=\"ult_link_btm3 \" style=\"border-color:#333333;border-bottom-width:1px;border-style:solid;\"><\/span>\n\t\t\t\t\t<\/a>\n\t\t\t\t<\/span>\n\t\t\t<\/span>[\/vc_column_inner][vc_column_inner width=\u00bb1\/5&#8243; css=\u00bb.vc_custom_1590354204680{margin-top: 0px !important;margin-right: 0px !important;margin-bottom: 0px !important;margin-left: 0px !important;padding-top: 10px !important;padding-right: 10px !important;padding-bottom: 10px !important;padding-left: 10px !important;}\u00bb][vc_single_image image=\u00bb1739&#8243; img_size=\u00bb60&#215;60&#8243; alignment=\u00bbcenter\u00bb onclick=\u00bbcustom_link\u00bb link=\u00bbhttps:\/\/mayamorganizer.com\/es\/nuestros-servicios\/#cursos\u00bb][vc_column_text css=\u00bb.vc_custom_1593468473528{margin-top: -20px !important;padding-right: 15px !important;padding-left: 15px !important;}\u00bb]<\/p>\n<h4 style=\"text-align: center;\"><span class=\"s2\" style=\"color: #535353;\">Servicios de<br \/>\nCursos<\/span><\/h4>\n<p>[\/vc_column_text][vc_column_text]<\/p>\n<h6 style=\"text-align: center;\"><span style=\"color: #808080;\"><span class=\"s2\">Destinados a personas en general que est\u00e9n interesadas en la organizaci\u00f3n: madres, amas de casa, y especialmente para&#8230;<\/span><\/span><\/h6>\n<p>[\/vc_column_text]<span id=\"creative-link-wrap-2636\" class=\"ult_main_cl ult-adjust-bottom-margin  \" >\n\t \t\t\t<span class=\"ult_cl_link_3  ult_crlink\" >\n\t\t\t\t\t<a  data-ultimate-target='#creative-link-wrap-2636 .ult_colorlink'  data-responsive-json-new='{\"font-size\":\"desktop:15px;\",\"line-height\":\"desktop:20px;\"}'  href=\"https:\/%2mayamorganizer.com\/available-services\/#cursos\"  class=\"ult_colorlink ult-responsive \" style=\"font-weight:normal; \"  data-textcolor=\"#707070\" data-texthover=\"#0c0c0c\"data-style=\"Style_3\">\n\t\t\t\t\t\t\n\t\t\t\t\t\t<span data-hover=\"Ver m\u00e1s\" style=\"color:#707070;;;\" class=\"ult_btn10_span   \">Ver m\u00e1s<\/span>\n\t\t\t\t\t\t<span class=\"ult_link_btm3 \" style=\"border-color:#333333;border-bottom-width:1px;border-style:solid;\"><\/span>\n\t\t\t\t\t<\/a>\n\t\t\t\t<\/span>\n\t\t\t<\/span>[\/vc_column_inner][vc_column_inner width=\u00bb1\/5&#8243; css=\u00bb.vc_custom_1590354228048{margin-top: 0px !important;margin-right: 0px !important;margin-bottom: 0px !important;margin-left: 0px !important;padding-top: 10px !important;padding-right: 10px !important;padding-bottom: 10px !important;padding-left: 10px !important;}\u00bb][vc_single_image image=\u00bb1743&#8243; img_size=\u00bb60&#215;60&#8243; alignment=\u00bbcenter\u00bb onclick=\u00bbcustom_link\u00bb link=\u00bbhttps:\/\/mayamorganizer.com\/es\/nuestros-servicios\/#Closet\u00bb][vc_column_text css=\u00bb.vc_custom_1593468488817{margin-top: -20px !important;padding-right: 15px !important;padding-left: 15px !important;}\u00bb]<\/p>\n<h4 style=\"text-align: center;\"><span class=\"s2\" style=\"color: #535353;\">Dise\u00f1o de<br \/>\nCloset<\/span><\/h4>\n<p>[\/vc_column_text][vc_column_text]<\/p>\n<h6 style=\"text-align: center;\"><span style=\"color: #808080;\"><span class=\"s2\">Visitas para tomar medidas, levantar plano de las \u00e1reas y generar dise\u00f1o para de closet basado en las necesidades<\/span><span class=\"s2\">&#8230;<\/span><\/span><\/h6>\n<p>[\/vc_column_text]<span id=\"creative-link-wrap-5698\" class=\"ult_main_cl ult-adjust-bottom-margin  \" >\n\t \t\t\t<span class=\"ult_cl_link_3  ult_crlink\" >\n\t\t\t\t\t<a  data-ultimate-target='#creative-link-wrap-5698 .ult_colorlink'  data-responsive-json-new='{\"font-size\":\"desktop:15px;\",\"line-height\":\"desktop:20px;\"}'  href=\"https:\/%2mayamorganizer.com\/available-services\/#Closet\"  class=\"ult_colorlink ult-responsive \" style=\"font-weight:normal; \"  data-textcolor=\"#707070\" data-texthover=\"#0c0c0c\"data-style=\"Style_3\">\n\t\t\t\t\t\t\n\t\t\t\t\t\t<span data-hover=\"Ver m\u00e1s\" style=\"color:#707070;;;\" class=\"ult_btn10_span   \">Ver m\u00e1s<\/span>\n\t\t\t\t\t\t<span class=\"ult_link_btm3 \" style=\"border-color:#333333;border-bottom-width:1px;border-style:solid;\"><\/span>\n\t\t\t\t\t<\/a>\n\t\t\t\t<\/span>\n\t\t\t<\/span>[\/vc_column_inner][\/vc_row_inner][\/vc_column][\/vc_row]<\/p>\n","protected":false},"excerpt":{"rendered":"<p>[vc_row gap=\u00bb20&#8243; full_height=\u00bbyes\u00bb columns_placement=\u00bbtop\u00bb equal_height=\u00bbyes\u00bb content_placement=\u00bbmiddle\u00bb css=\u00bb.vc_custom_1593468177016{margin-top: -40px !important;margin-right: 0px !important;margin-left: 0px !important;padding-top: 0px !important;padding-bottom: 20px !important;}\u00bb][vc_column width=\u00bb1\/2&#8243; css=\u00bb.vc_custom_1594237434555{margin-top: 0px !important;margin-right: 0px !important;margin-bottom: 0px !important;margin-left: 0px !important;padding-right: 0px !important;padding-left: 0px !important;}\u00bb][vc_single_image image=\u00bb2228&#8243; img_size=\u00bbfull\u00bb css=\u00bb.vc_custom_1594238002997{margin-top: 0px !important;margin-right: 0px !important;margin-bottom: 0px !important;margin-left: 0px !important;padding-top: 25px !important;padding-right: 25px !important;padding-bottom: 25px !important;padding-left: 25px !important;}\u00bb][\/vc_column][vc_column width=\u00bb1\/2&#8243; css=\u00bb.vc_custom_1590344995176{margin-top: 0px !important;margin-bottom: 0px&hellip;<\/p>\n","protected":false},"author":1,"featured_media":0,"parent":0,"menu_order":0,"comment_status":"closed","ping_status":"closed","template":"","meta":{"_coblocks_attr":"","_coblocks_dimensions":"","_coblocks_responsive_height":"","_coblocks_accordion_ie_support":"","footnotes":""},"yoast_head":"<!-- This site is optimized with the Yoast SEO plugin v16.3 - https:\/\/yoast.com\/wordpress\/plugins\/seo\/ -->\n<title>Mayam - Mayam Organizer<\/title>\n<meta name=\"robots\" content=\"index, follow, max-snippet:-1, max-image-preview:large, max-video-preview:-1\" \/>\n<link rel=\"canonical\" href=\"https:\/\/mayamorganizer.com\/es\/mayam\/\" \/>\n<meta property=\"og:locale\" content=\"es_ES\" \/>\n<meta property=\"og:type\" content=\"article\" \/>\n<meta property=\"og:title\" content=\"Mayam - Mayam Organizer\" \/>\n<meta property=\"og:description\" content=\"[vc_row gap=\u00bb20&#8243; full_height=\u00bbyes\u00bb columns_placement=\u00bbtop\u00bb equal_height=\u00bbyes\u00bb content_placement=\u00bbmiddle\u00bb css=\u00bb.vc_custom_1593468177016{margin-top: -40px !important;margin-right: 0px !important;margin-left: 0px !important;padding-top: 0px !important;padding-bottom: 20px !important;}\u00bb][vc_column width=\u00bb1\/2&#8243; css=\u00bb.vc_custom_1594237434555{margin-top: 0px !important;margin-right: 0px !important;margin-bottom: 0px !important;margin-left: 0px !important;padding-right: 0px !important;padding-left: 0px !important;}\u00bb][vc_single_image image=\u00bb2228&#8243; img_size=\u00bbfull\u00bb css=\u00bb.vc_custom_1594238002997{margin-top: 0px !important;margin-right: 0px !important;margin-bottom: 0px !important;margin-left: 0px !important;padding-top: 25px !important;padding-right: 25px !important;padding-bottom: 25px !important;padding-left: 25px !important;}\u00bb][\/vc_column][vc_column width=\u00bb1\/2&#8243; css=\u00bb.vc_custom_1590344995176{margin-top: 0px !important;margin-bottom: 0px&hellip;\" \/>\n<meta property=\"og:url\" content=\"https:\/\/mayamorganizer.com\/es\/mayam\/\" \/>\n<meta property=\"og:site_name\" content=\"Mayam Organizer\" \/>\n<meta property=\"article:modified_time\" content=\"2021-01-20T16:08:04+00:00\" \/>\n<meta name=\"twitter:card\" content=\"summary_large_image\" \/>\n<meta name=\"twitter:label1\" content=\"Tiempo de lectura\">\n\t<meta name=\"twitter:data1\" content=\"7 minutos\">\n<script type=\"application\/ld+json\" class=\"yoast-schema-graph\">{\"@context\":\"https:\/\/schema.org\",\"@graph\":[{\"@type\":\"Organization\",\"@id\":\"https:\/\/mayamorganizer.com\/es\/#organization\",\"name\":\"Mayam Organaizer\",\"url\":\"https:\/\/mayamorganizer.com\/es\/\",\"sameAs\":[],\"logo\":{\"@type\":\"ImageObject\",\"@id\":\"https:\/\/mayamorganizer.com\/es\/#logo\",\"inLanguage\":\"es\",\"url\":\"https:\/\/mayamorganizer.com\/es\/wp-content\/uploads\/2020\/07\/Logo.png\",\"contentUrl\":\"https:\/\/mayamorganizer.com\/es\/wp-content\/uploads\/2020\/07\/Logo.png\",\"width\":100,\"height\":101,\"caption\":\"Mayam Organaizer\"},\"image\":{\"@id\":\"https:\/\/mayamorganizer.com\/es\/#logo\"}},{\"@type\":\"WebSite\",\"@id\":\"https:\/\/mayamorganizer.com\/es\/#website\",\"url\":\"https:\/\/mayamorganizer.com\/es\/\",\"name\":\"Mayam Organizer\",\"description\":\"Ordenar de manera l&oacute;gica y funcional, permite que las &aacute;reas se mantengan organizadas por m&aacute;s tiempo\",\"publisher\":{\"@id\":\"https:\/\/mayamorganizer.com\/es\/#organization\"},\"potentialAction\":[{\"@type\":\"SearchAction\",\"target\":\"https:\/\/mayamorganizer.com\/es\/?s={search_term_string}\",\"query-input\":\"required name=search_term_string\"}],\"inLanguage\":\"es\"},{\"@type\":\"WebPage\",\"@id\":\"https:\/\/mayamorganizer.com\/es\/mayam\/#webpage\",\"url\":\"https:\/\/mayamorganizer.com\/es\/mayam\/\",\"name\":\"Mayam - Mayam Organizer\",\"isPartOf\":{\"@id\":\"https:\/\/mayamorganizer.com\/es\/#website\"},\"datePublished\":\"2019-08-30T12:02:43+00:00\",\"dateModified\":\"2021-01-20T16:08:04+00:00\",\"breadcrumb\":{\"@id\":\"https:\/\/mayamorganizer.com\/es\/mayam\/#breadcrumb\"},\"inLanguage\":\"es\",\"potentialAction\":[{\"@type\":\"ReadAction\",\"target\":[\"https:\/\/mayamorganizer.com\/es\/mayam\/\"]}]},{\"@type\":\"BreadcrumbList\",\"@id\":\"https:\/\/mayamorganizer.com\/es\/mayam\/#breadcrumb\",\"itemListElement\":[{\"@type\":\"ListItem\",\"position\":1,\"item\":{\"@type\":\"WebPage\",\"@id\":\"https:\/\/mayamorganizer.com\/es\/\",\"url\":\"https:\/\/mayamorganizer.com\/es\/\",\"name\":\"Portada\"}},{\"@type\":\"ListItem\",\"position\":2,\"item\":{\"@id\":\"https:\/\/mayamorganizer.com\/es\/mayam\/#webpage\"}}]}]}<\/script>\n<!-- \/ Yoast SEO plugin. -->","_links":{"self":[{"href":"https:\/\/mayamorganizer.com\/es\/wp-json\/wp\/v2\/pages\/889"}],"collection":[{"href":"https:\/\/mayamorganizer.com\/es\/wp-json\/wp\/v2\/pages"}],"about":[{"href":"https:\/\/mayamorganizer.com\/es\/wp-json\/wp\/v2\/types\/page"}],"author":[{"embeddable":true,"href":"https:\/\/mayamorganizer.com\/es\/wp-json\/wp\/v2\/users\/1"}],"replies":[{"embeddable":true,"href":"https:\/\/mayamorganizer.com\/es\/wp-json\/wp\/v2\/comments?post=889"}],"version-history":[{"count":60,"href":"https:\/\/mayamorganizer.com\/es\/wp-json\/wp\/v2\/pages\/889\/revisions"}],"predecessor-version":[{"id":2628,"href":"https:\/\/mayamorganizer.com\/es\/wp-json\/wp\/v2\/pages\/889\/revisions\/2628"}],"wp:attachment":[{"href":"https:\/\/mayamorganizer.com\/es\/wp-json\/wp\/v2\/media?parent=889"}],"curies":[{"name":"wp","href":"https:\/\/api.w.org\/{rel}","templated":true}]}}